{"id":4472,"date":"2021-03-16T18:52:04","date_gmt":"2021-03-16T18:52:04","guid":{"rendered":"https:\/\/proingredients.com\/about-us\/"},"modified":"2023-09-13T13:18:26","modified_gmt":"2023-09-13T13:18:26","slug":"a-propos","status":"publish","type":"page","link":"https:\/\/www.proingredients.com\/fr\/a-propos\/","title":{"rendered":"\u00c0 propos"},"content":{"rendered":"\t\t<div data-elementor-type=\"wp-page\" data-elementor-id=\"4472\" class=\"elementor elementor-4472\">\n\t\t\t\t\t\t\t\t\t<section class=\"elementor-section elementor-top-section elementor-element elementor-element-9b7c6f2 top-section elementor-section-height-min-height elementor-section-boxed elementor-section-height-default elementor-section-items-middle\" data-id=\"9b7c6f2\" data-element_type=\"section\" data-settings=\"{&quot;background_background&quot;:&quot;slideshow&quot;,&quot;background_motion_fx_scale_effect&quot;:&quot;yes&quot;,&quot;background_slideshow_gallery&quot;:[{&quot;id&quot;:3245,&quot;url&quot;:&quot;https:\\\/\\\/proingredients.com\\\/wp-content\\\/uploads\\\/2021\\\/07\\\/header-about-us-1-1.jpg&quot;},{&quot;id&quot;:3247,&quot;url&quot;:&quot;https:\\\/\\\/proingredients.com\\\/wp-content\\\/uploads\\\/2021\\\/07\\\/header-about-us-2-1.jpg&quot;},{&quot;id&quot;:3249,&quot;url&quot;:&quot;https:\\\/\\\/proingredients.com\\\/wp-content\\\/uploads\\\/2021\\\/07\\\/header-about-us-3-1.jpg&quot;},{&quot;id&quot;:3251,&quot;url&quot;:&quot;https:\\\/\\\/proingredients.com\\\/wp-content\\\/uploads\\\/2021\\\/07\\\/header-about-us-4-1.jpg&quot;}],&quot;background_slideshow_loop&quot;:&quot;yes&quot;,&quot;background_slideshow_slide_duration&quot;:5000,&quot;background_slideshow_slide_transition&quot;:&quot;fade&quot;,&quot;background_slideshow_transition_duration&quot;:500,&quot;background_motion_fx_scale_direction&quot;:&quot;out-in&quot;,&quot;background_motion_fx_scale_speed&quot;:{&quot;unit&quot;:&quot;px&quot;,&quot;size&quot;:4,&quot;sizes&quot;:[]},&quot;background_motion_fx_scale_range&quot;:{&quot;unit&quot;:&quot;%&quot;,&quot;size&quot;:&quot;&quot;,&quot;sizes&quot;:{&quot;start&quot;:20,&quot;end&quot;:80}},&quot;background_motion_fx_devices&quot;:[&quot;desktop&quot;,&quot;tablet&quot;,&quot;mobile&quot;]}\">\n\t\t\t\t\t\t\t<div class=\"elementor-background-overlay\"><\/div>\n\t\t\t\t\t\t\t<div class=\"elementor-container elementor-column-gap-default\">\n\t\t\t\t\t<div class=\"elementor-column elementor-col-100 elementor-top-column elementor-element elementor-element-fcb1faa\" data-id=\"fcb1faa\" data-element_type=\"column\">\n\t\t\t<div class=\"elementor-widget-wrap elementor-element-populated\">\n\t\t\t\t\t\t\t\t<div class=\"elementor-element elementor-element-f09f892 elementor-invisible elementor-widget elementor-widget-heading\" data-id=\"f09f892\" data-element_type=\"widget\" data-settings=\"{&quot;_animation&quot;:&quot;fadeInLeft&quot;}\" data-widget_type=\"heading.default\">\n\t\t\t\t<div class=\"elementor-widget-container\">\n\t\t\t<h1 class=\"elementor-heading-title elementor-size-default\">\u00c0 propos de nous<\/h1>\t\t<\/div>\n\t\t\t\t<\/div>\n\t\t\t\t<div class=\"elementor-element elementor-element-f577fd1 elementor-widget elementor-widget-button\" data-id=\"f577fd1\" data-element_type=\"widget\" data-widget_type=\"button.default\">\n\t\t\t\t<div class=\"elementor-widget-container\">\n\t\t\t\t\t<div class=\"elementor-button-wrapper\">\n\t\t\t<a href=\"https:\/\/proingredients.com\/fr\/contact\/\" class=\"elementor-button-link elementor-button elementor-size-sm\" role=\"button\">\n\t\t\t\t\t\t<span class=\"elementor-button-content-wrapper\">\n\t\t\t\t\t\t\t<span class=\"elementor-button-icon elementor-align-icon-left\">\n\t\t\t\t<i aria-hidden=\"true\" class=\"fas fa-envelope\"><\/i>\t\t\t<\/span>\n\t\t\t\t\t\t<span class=\"elementor-button-text\">Contactez nous<\/span>\n\t\t<\/span>\n\t\t\t\t\t<\/a>\n\t\t<\/div>\n\t\t\t\t<\/div>\n\t\t\t\t<\/div>\n\t\t\t\t\t<\/div>\n\t\t<\/div>\n\t\t\t\t\t\t\t<\/div>\n\t\t<\/section>\n\t\t\t\t<section class=\"elementor-section elementor-top-section elementor-element elementor-element-b3ae150 elementor-section-boxed elementor-section-height-default elementor-section-height-default\" data-id=\"b3ae150\" data-element_type=\"section\">\n\t\t\t\t\t\t<div class=\"elementor-container elementor-column-gap-default\">\n\t\t\t\t\t<div class=\"elementor-column elementor-col-100 elementor-top-column elementor-element elementor-element-419239c\" data-id=\"419239c\" data-element_type=\"column\">\n\t\t\t<div class=\"elementor-widget-wrap elementor-element-populated\">\n\t\t\t\t\t\t\t\t<div class=\"elementor-element elementor-element-42b4a22 elementor-widget elementor-widget-heading\" data-id=\"42b4a22\" data-element_type=\"widget\" data-widget_type=\"heading.default\">\n\t\t\t\t<div class=\"elementor-widget-container\">\n\t\t\t<h2 class=\"elementor-heading-title elementor-size-default\">Notre mission<\/h2>\t\t<\/div>\n\t\t\t\t<\/div>\n\t\t\t\t\t<\/div>\n\t\t<\/div>\n\t\t\t\t\t\t\t<\/div>\n\t\t<\/section>\n\t\t\t\t<section class=\"elementor-section elementor-top-section elementor-element elementor-element-b3022d6 elementor-section-boxed elementor-section-height-default elementor-section-height-default\" data-id=\"b3022d6\" data-element_type=\"section\">\n\t\t\t\t\t\t<div class=\"elementor-container elementor-column-gap-default\">\n\t\t\t\t\t<div class=\"elementor-column elementor-col-100 elementor-top-column elementor-element elementor-element-4d2317b\" data-id=\"4d2317b\" data-element_type=\"column\">\n\t\t\t<div class=\"elementor-widget-wrap elementor-element-populated\">\n\t\t\t\t\t\t\t\t<div class=\"elementor-element elementor-element-e4c2551 elementor-widget elementor-widget-text-editor\" data-id=\"e4c2551\" data-element_type=\"widget\" data-widget_type=\"text-editor.default\">\n\t\t\t\t<div class=\"elementor-widget-container\">\n\t\t\t\t\t\t\t<h4>\u00a0<\/h4><h4><em>\u00ab\u00a0Partager des ingr\u00e9dients alimentaires de partout dans le monde parce que nous croyons que la nourriture nous rassemble.\u00a0\u00bb<\/em><\/h4><p>\u00a0<\/p>\t\t\t\t\t\t<\/div>\n\t\t\t\t<\/div>\n\t\t\t\t\t<\/div>\n\t\t<\/div>\n\t\t\t\t\t\t\t<\/div>\n\t\t<\/section>\n\t\t\t\t<section class=\"elementor-section elementor-top-section elementor-element elementor-element-d728f76 pt100 elementor-section-boxed elementor-section-height-default elementor-section-height-default\" data-id=\"d728f76\" data-element_type=\"section\">\n\t\t\t\t\t\t<div class=\"elementor-container elementor-column-gap-wide\">\n\t\t\t\t\t<div class=\"elementor-column elementor-col-100 elementor-top-column elementor-element elementor-element-65af730\" data-id=\"65af730\" data-element_type=\"column\">\n\t\t\t<div class=\"elementor-widget-wrap elementor-element-populated\">\n\t\t\t\t\t\t\t\t<div class=\"elementor-element elementor-element-5b12c5d green-line elementor-widget elementor-widget-heading\" data-id=\"5b12c5d\" data-element_type=\"widget\" data-widget_type=\"heading.default\">\n\t\t\t\t<div class=\"elementor-widget-container\">\n\t\t\t<h2 class=\"elementor-heading-title elementor-size-default\">Aper\u00e7u de l'entreprise<\/h2>\t\t<\/div>\n\t\t\t\t<\/div>\n\t\t\t\t\t<\/div>\n\t\t<\/div>\n\t\t\t\t\t\t\t<\/div>\n\t\t<\/section>\n\t\t\t\t<section class=\"elementor-section elementor-top-section elementor-element elementor-element-2676ab8 pb100 elementor-section-boxed elementor-section-height-default elementor-section-height-default\" data-id=\"2676ab8\" data-element_type=\"section\">\n\t\t\t\t\t\t<div class=\"elementor-container elementor-column-gap-wide\">\n\t\t\t\t\t<div class=\"elementor-column elementor-col-50 elementor-top-column elementor-element elementor-element-6deb6cd\" data-id=\"6deb6cd\" data-element_type=\"column\">\n\t\t\t<div class=\"elementor-widget-wrap elementor-element-populated\">\n\t\t\t\t\t\t\t\t<div class=\"elementor-element elementor-element-17b0f33 elementor-widget elementor-widget-text-editor\" data-id=\"17b0f33\" data-element_type=\"widget\" data-widget_type=\"text-editor.default\">\n\t\t\t\t<div class=\"elementor-widget-container\">\n\t\t\t\t\t\t\t<p>Nous avons plus de 25 ans d&rsquo;exp\u00e9rience sur le march\u00e9 de l&rsquo;industrie alimentaire canadienne, offrant des ingr\u00e9dients de haute qualit\u00e9 pour tous vos besoins d\u2019application.<\/p><p>Nous offrons les meilleurs fruits et l\u00e9gumes s\u00e9ch\u00e9s\/congel\u00e9s, jus et pur\u00e9es, noix et noix de coco, arachides, beurres de noix et produits de sp\u00e9cialit\u00e9 sur le march\u00e9.<\/p><p>Nous sommes fiers de notre engagement quant \u00e0 l\u2019excellence du service \u00e0 la client\u00e8le, l&rsquo;int\u00e9grit\u00e9 et la connaissance du march\u00e9. Nos charg\u00e9s de compte exp\u00e9riment\u00e9s vous aideront \u00e0 choisir la meilleure option possible pour vos concepts de produits et vos exigences.<\/p>\t\t\t\t\t\t<\/div>\n\t\t\t\t<\/div>\n\t\t\t\t\t<\/div>\n\t\t<\/div>\n\t\t\t\t<div class=\"elementor-column elementor-col-50 elementor-top-column elementor-element elementor-element-10571a5\" data-id=\"10571a5\" data-element_type=\"column\">\n\t\t\t<div class=\"elementor-widget-wrap elementor-element-populated\">\n\t\t\t\t\t\t\t\t<div class=\"elementor-element elementor-element-1df50a0 elementor-widget elementor-widget-text-editor\" data-id=\"1df50a0\" data-element_type=\"widget\" data-widget_type=\"text-editor.default\">\n\t\t\t\t<div class=\"elementor-widget-container\">\n\t\t\t\t\t\t\t<p>Pour les segments industriels tels que la boulangerie, les boissons, les collations, les produits laitiers, les friandises pour animaux de compagnie et les produits pharmaceutiques\/nutraceutiques, nous avons diverses options d&rsquo;ingr\u00e9dients.<\/p><p>Tous nos partenaires sont certifi\u00e9s en mati\u00e8re de s\u00e9curit\u00e9 alimentaire (BRC, GFSI ou \u00e9quivalent).<\/p><p>Notre succ\u00e8s est bas\u00e9 sur des relations solides, une compr\u00e9hension des activit\u00e9s de nos clients et notre d\u00e9sir sinc\u00e8re d&rsquo;apporter de la valeur \u00e0 la cha\u00eene d&rsquo;approvisionnement.\u00a0<\/p>\t\t\t\t\t\t<\/div>\n\t\t\t\t<\/div>\n\t\t\t\t\t<\/div>\n\t\t<\/div>\n\t\t\t\t\t\t\t<\/div>\n\t\t<\/section>\n\t\t\t\t\t\t\t<\/div>\n\t\t","protected":false},"excerpt":{"rendered":"<p>\u00c0 propos de nous Contactez nous Notre mission \u00a0 \u00ab\u00a0Partager des ingr\u00e9dients alimentaires de partout dans le monde parce que nous croyons que la nourriture nous rassemble.\u00a0\u00bb \u00a0 Aper\u00e7u de l&rsquo;entreprise Nous avons plus de 25 ans d&rsquo;exp\u00e9rience sur le march\u00e9 de l&rsquo;industrie alimentaire canadienne, offrant des ingr\u00e9dients de haute qualit\u00e9 pour tous vos besoins [&hellip;]<\/p>\n","protected":false},"author":1,"featured_media":720,"parent":0,"menu_order":0,"comment_status":"closed","ping_status":"closed","template":"elementor_header_footer","meta":[],"yoast_head":"<!-- This site is optimized with the Yoast SEO plugin v20.8 - https:\/\/yoast.com\/wordpress\/plugins\/seo\/ -->\n<title>\u00c0 propos - PROingredients<\/title>\n<meta name=\"robots\" content=\"index, follow, max-snippet:-1, max-image-preview:large, max-video-preview:-1\" \/>\n<link rel=\"canonical\" href=\"https:\/\/www.proingredients.com\/fr\/a-propos\/\" \/>\n<meta property=\"og:locale\" content=\"fr_CA\" \/>\n<meta property=\"og:type\" content=\"article\" \/>\n<meta property=\"og:title\" content=\"\u00c0 propos - PROingredients\" \/>\n<meta property=\"og:description\" content=\"\u00c0 propos de nous Contactez nous Notre mission \u00a0 \u00ab\u00a0Partager des ingr\u00e9dients alimentaires de partout dans le monde parce que nous croyons que la nourriture nous rassemble.\u00a0\u00bb \u00a0 Aper\u00e7u de l&rsquo;entreprise Nous avons plus de 25 ans d&rsquo;exp\u00e9rience sur le march\u00e9 de l&rsquo;industrie alimentaire canadienne, offrant des ingr\u00e9dients de haute qualit\u00e9 pour tous vos besoins [&hellip;]\" \/>\n<meta property=\"og:url\" content=\"https:\/\/www.proingredients.com\/fr\/a-propos\/\" \/>\n<meta property=\"og:site_name\" content=\"PROingredients\" \/>\n<meta property=\"article:modified_time\" content=\"2023-09-13T13:18:26+00:00\" \/>\n<meta property=\"og:image\" content=\"https:\/\/www.proingredients.com\/wp-content\/uploads\/2021\/03\/header-about-us.jpg\" \/>\n\t<meta property=\"og:image:width\" content=\"1870\" \/>\n\t<meta property=\"og:image:height\" content=\"786\" \/>\n\t<meta property=\"og:image:type\" content=\"image\/jpeg\" \/>\n<meta name=\"twitter:card\" content=\"summary_large_image\" \/>\n<meta name=\"twitter:label1\" content=\"Estimation du temps de lecture\" \/>\n\t<meta name=\"twitter:data1\" content=\"1 minute\" \/>\n<script type=\"application\/ld+json\" class=\"yoast-schema-graph\">{\"@context\":\"https:\/\/schema.org\",\"@graph\":[{\"@type\":\"WebPage\",\"@id\":\"https:\/\/www.proingredients.com\/fr\/a-propos\/\",\"url\":\"https:\/\/www.proingredients.com\/fr\/a-propos\/\",\"name\":\"\u00c0 propos - PROingredients\",\"isPartOf\":{\"@id\":\"https:\/\/www.proingredients.com\/#website\"},\"datePublished\":\"2021-03-16T18:52:04+00:00\",\"dateModified\":\"2023-09-13T13:18:26+00:00\",\"breadcrumb\":{\"@id\":\"https:\/\/www.proingredients.com\/fr\/a-propos\/#breadcrumb\"},\"inLanguage\":\"fr-CA\",\"potentialAction\":[{\"@type\":\"ReadAction\",\"target\":[\"https:\/\/www.proingredients.com\/fr\/a-propos\/\"]}]},{\"@type\":\"BreadcrumbList\",\"@id\":\"https:\/\/www.proingredients.com\/fr\/a-propos\/#breadcrumb\",\"itemListElement\":[{\"@type\":\"ListItem\",\"position\":1,\"name\":\"Accueil\",\"item\":\"https:\/\/www.proingredients.com\/fr\/\"},{\"@type\":\"ListItem\",\"position\":2,\"name\":\"\u00c0 propos\"}]},{\"@type\":\"WebSite\",\"@id\":\"https:\/\/www.proingredients.com\/#website\",\"url\":\"https:\/\/www.proingredients.com\/\",\"name\":\"PROingredients\",\"description\":\"\",\"potentialAction\":[{\"@type\":\"SearchAction\",\"target\":{\"@type\":\"EntryPoint\",\"urlTemplate\":\"https:\/\/www.proingredients.com\/?s={search_term_string}\"},\"query-input\":\"required name=search_term_string\"}],\"inLanguage\":\"fr-CA\"}]}<\/script>\n<!-- \/ Yoast SEO plugin. -->","yoast_head_json":{"title":"\u00c0 propos - PROingredients","robots":{"index":"index","follow":"follow","max-snippet":"max-snippet:-1","max-image-preview":"max-image-preview:large","max-video-preview":"max-video-preview:-1"},"canonical":"https:\/\/www.proingredients.com\/fr\/a-propos\/","og_locale":"fr_CA","og_type":"article","og_title":"\u00c0 propos - PROingredients","og_description":"\u00c0 propos de nous Contactez nous Notre mission \u00a0 \u00ab\u00a0Partager des ingr\u00e9dients alimentaires de partout dans le monde parce que nous croyons que la nourriture nous rassemble.\u00a0\u00bb \u00a0 Aper\u00e7u de l&rsquo;entreprise Nous avons plus de 25 ans d&rsquo;exp\u00e9rience sur le march\u00e9 de l&rsquo;industrie alimentaire canadienne, offrant des ingr\u00e9dients de haute qualit\u00e9 pour tous vos besoins [&hellip;]","og_url":"https:\/\/www.proingredients.com\/fr\/a-propos\/","og_site_name":"PROingredients","article_modified_time":"2023-09-13T13:18:26+00:00","og_image":[{"width":1870,"height":786,"url":"https:\/\/www.proingredients.com\/wp-content\/uploads\/2021\/03\/header-about-us.jpg","type":"image\/jpeg"}],"twitter_card":"summary_large_image","twitter_misc":{"Estimation du temps de lecture":"1 minute"},"schema":{"@context":"https:\/\/schema.org","@graph":[{"@type":"WebPage","@id":"https:\/\/www.proingredients.com\/fr\/a-propos\/","url":"https:\/\/www.proingredients.com\/fr\/a-propos\/","name":"\u00c0 propos - PROingredients","isPartOf":{"@id":"https:\/\/www.proingredients.com\/#website"},"datePublished":"2021-03-16T18:52:04+00:00","dateModified":"2023-09-13T13:18:26+00:00","breadcrumb":{"@id":"https:\/\/www.proingredients.com\/fr\/a-propos\/#breadcrumb"},"inLanguage":"fr-CA","potentialAction":[{"@type":"ReadAction","target":["https:\/\/www.proingredients.com\/fr\/a-propos\/"]}]},{"@type":"BreadcrumbList","@id":"https:\/\/www.proingredients.com\/fr\/a-propos\/#breadcrumb","itemListElement":[{"@type":"ListItem","position":1,"name":"Accueil","item":"https:\/\/www.proingredients.com\/fr\/"},{"@type":"ListItem","position":2,"name":"\u00c0 propos"}]},{"@type":"WebSite","@id":"https:\/\/www.proingredients.com\/#website","url":"https:\/\/www.proingredients.com\/","name":"PROingredients","description":"","potentialAction":[{"@type":"SearchAction","target":{"@type":"EntryPoint","urlTemplate":"https:\/\/www.proingredients.com\/?s={search_term_string}"},"query-input":"required name=search_term_string"}],"inLanguage":"fr-CA"}]}},"_links":{"self":[{"href":"https:\/\/www.proingredients.com\/fr\/wp-json\/wp\/v2\/pages\/4472"}],"collection":[{"href":"https:\/\/www.proingredients.com\/fr\/wp-json\/wp\/v2\/pages"}],"about":[{"href":"https:\/\/www.proingredients.com\/fr\/wp-json\/wp\/v2\/types\/page"}],"author":[{"embeddable":true,"href":"https:\/\/www.proingredients.com\/fr\/wp-json\/wp\/v2\/users\/1"}],"replies":[{"embeddable":true,"href":"https:\/\/www.proingredients.com\/fr\/wp-json\/wp\/v2\/comments?post=4472"}],"version-history":[{"count":13,"href":"https:\/\/www.proingredients.com\/fr\/wp-json\/wp\/v2\/pages\/4472\/revisions"}],"predecessor-version":[{"id":7559,"href":"https:\/\/www.proingredients.com\/fr\/wp-json\/wp\/v2\/pages\/4472\/revisions\/7559"}],"wp:featuredmedia":[{"embeddable":true,"href":"https:\/\/www.proingredients.com\/fr\/wp-json\/wp\/v2\/media\/720"}],"wp:attachment":[{"href":"https:\/\/www.proingredients.com\/fr\/wp-json\/wp\/v2\/media?parent=4472"}],"curies":[{"name":"wp","href":"https:\/\/api.w.org\/{rel}","templated":true}]}}