{"id":4534,"date":"2021-03-16T18:52:38","date_gmt":"2021-03-16T18:52:38","guid":{"rendered":"https:\/\/proingredients.com\/services\/"},"modified":"2021-10-19T14:56:59","modified_gmt":"2021-10-19T14:56:59","slug":"services","status":"publish","type":"page","link":"https:\/\/www.proingredients.com\/fr\/services\/","title":{"rendered":"Services"},"content":{"rendered":"\t\t<div data-elementor-type=\"wp-page\" data-elementor-id=\"4534\" class=\"elementor elementor-4534\">\n\t\t\t\t\t\t\t\t\t<section class=\"elementor-section elementor-top-section elementor-element elementor-element-2c7c8bd top-section elementor-section-height-min-height elementor-section-boxed elementor-section-height-default elementor-section-items-middle\" data-id=\"2c7c8bd\" data-element_type=\"section\" data-settings=\"{&quot;background_background&quot;:&quot;slideshow&quot;,&quot;background_motion_fx_scale_effect&quot;:&quot;yes&quot;,&quot;background_slideshow_gallery&quot;:[{&quot;id&quot;:3277,&quot;url&quot;:&quot;https:\\\/\\\/proingredients.com\\\/wp-content\\\/uploads\\\/2021\\\/07\\\/header-service-1.jpg&quot;},{&quot;id&quot;:3279,&quot;url&quot;:&quot;https:\\\/\\\/proingredients.com\\\/wp-content\\\/uploads\\\/2021\\\/07\\\/header-service-2.jpg&quot;},{&quot;id&quot;:3281,&quot;url&quot;:&quot;https:\\\/\\\/proingredients.com\\\/wp-content\\\/uploads\\\/2021\\\/07\\\/header-service-3.jpg&quot;},{&quot;id&quot;:3283,&quot;url&quot;:&quot;https:\\\/\\\/proingredients.com\\\/wp-content\\\/uploads\\\/2021\\\/07\\\/header-service-4.jpg&quot;},{&quot;id&quot;:3285,&quot;url&quot;:&quot;https:\\\/\\\/proingredients.com\\\/wp-content\\\/uploads\\\/2021\\\/07\\\/header-service-5.jpg&quot;},{&quot;id&quot;:3287,&quot;url&quot;:&quot;https:\\\/\\\/proingredients.com\\\/wp-content\\\/uploads\\\/2021\\\/07\\\/header-service-6.jpg&quot;}],&quot;background_slideshow_loop&quot;:&quot;yes&quot;,&quot;background_slideshow_slide_duration&quot;:5000,&quot;background_slideshow_slide_transition&quot;:&quot;fade&quot;,&quot;background_slideshow_transition_duration&quot;:500,&quot;background_motion_fx_scale_direction&quot;:&quot;out-in&quot;,&quot;background_motion_fx_scale_speed&quot;:{&quot;unit&quot;:&quot;px&quot;,&quot;size&quot;:4,&quot;sizes&quot;:[]},&quot;background_motion_fx_scale_range&quot;:{&quot;unit&quot;:&quot;%&quot;,&quot;size&quot;:&quot;&quot;,&quot;sizes&quot;:{&quot;start&quot;:20,&quot;end&quot;:80}},&quot;background_motion_fx_devices&quot;:[&quot;desktop&quot;,&quot;tablet&quot;,&quot;mobile&quot;]}\">\n\t\t\t\t\t\t\t<div class=\"elementor-background-overlay\"><\/div>\n\t\t\t\t\t\t\t<div class=\"elementor-container elementor-column-gap-default\">\n\t\t\t\t\t<div class=\"elementor-column elementor-col-100 elementor-top-column elementor-element elementor-element-0402739\" data-id=\"0402739\" data-element_type=\"column\">\n\t\t\t<div class=\"elementor-widget-wrap elementor-element-populated\">\n\t\t\t\t\t\t\t\t<div class=\"elementor-element elementor-element-bb8a292 elementor-invisible elementor-widget elementor-widget-heading\" data-id=\"bb8a292\" data-element_type=\"widget\" data-settings=\"{&quot;_animation&quot;:&quot;fadeInLeft&quot;}\" data-widget_type=\"heading.default\">\n\t\t\t\t<div class=\"elementor-widget-container\">\n\t\t\t<h1 class=\"elementor-heading-title elementor-size-default\">Nos services<\/h1>\t\t<\/div>\n\t\t\t\t<\/div>\n\t\t\t\t\t<\/div>\n\t\t<\/div>\n\t\t\t\t\t\t\t<\/div>\n\t\t<\/section>\n\t\t\t\t<section class=\"elementor-section elementor-top-section elementor-element elementor-element-e49231c elementor-section-full_width elementor-section-content-middle pt100 elementor-reverse-mobile elementor-reverse-tablet elementor-section-height-default elementor-section-height-default\" data-id=\"e49231c\" data-element_type=\"section\">\n\t\t\t\t\t\t<div class=\"elementor-container elementor-column-gap-wide\">\n\t\t\t\t\t<div class=\"elementor-column elementor-col-50 elementor-top-column elementor-element elementor-element-7b04331 col-tablet elementor-invisible\" data-id=\"7b04331\" data-element_type=\"column\" data-settings=\"{&quot;animation&quot;:&quot;fadeInLeft&quot;}\">\n\t\t\t<div class=\"elementor-widget-wrap elementor-element-populated\">\n\t\t\t\t\t\t\t\t<div class=\"elementor-element elementor-element-9dd3609 elementor-widget elementor-widget-image\" data-id=\"9dd3609\" data-element_type=\"widget\" data-widget_type=\"image.default\">\n\t\t\t\t<div class=\"elementor-widget-container\">\n\t\t\t\t\t\t\t\t\t\t\t\t\t\t\t<img decoding=\"async\" width=\"1870\" height=\"786\" src=\"https:\/\/www.proingredients.com\/wp-content\/uploads\/2021\/07\/header-team-2.jpg\" class=\"attachment-full size-full wp-image-3258\" alt=\"\" loading=\"lazy\" srcset=\"https:\/\/www.proingredients.com\/wp-content\/uploads\/2021\/07\/header-team-2.jpg 1870w, https:\/\/www.proingredients.com\/wp-content\/uploads\/2021\/07\/header-team-2-300x126.jpg 300w, https:\/\/www.proingredients.com\/wp-content\/uploads\/2021\/07\/header-team-2-1024x430.jpg 1024w, https:\/\/www.proingredients.com\/wp-content\/uploads\/2021\/07\/header-team-2-768x323.jpg 768w, https:\/\/www.proingredients.com\/wp-content\/uploads\/2021\/07\/header-team-2-1536x646.jpg 1536w\" sizes=\"(max-width: 1870px) 100vw, 1870px\" \/>\t\t\t\t\t\t\t\t\t\t\t\t\t\t\t<\/div>\n\t\t\t\t<\/div>\n\t\t\t\t\t<\/div>\n\t\t<\/div>\n\t\t\t\t<div class=\"elementor-column elementor-col-50 elementor-top-column elementor-element elementor-element-ac58198 col-tablet elementor-invisible\" data-id=\"ac58198\" data-element_type=\"column\" data-settings=\"{&quot;animation&quot;:&quot;fadeInRight&quot;}\">\n\t\t\t<div class=\"elementor-widget-wrap elementor-element-populated\">\n\t\t\t\t\t\t\t\t<section class=\"elementor-section elementor-inner-section elementor-element elementor-element-e1f3eea section--max-width-80 elementor-section-boxed elementor-section-height-default elementor-section-height-default\" data-id=\"e1f3eea\" data-element_type=\"section\">\n\t\t\t\t\t\t<div class=\"elementor-container elementor-column-gap-default\">\n\t\t\t\t\t<div class=\"elementor-column elementor-col-100 elementor-inner-column elementor-element elementor-element-06d3945\" data-id=\"06d3945\" data-element_type=\"column\">\n\t\t\t<div class=\"elementor-widget-wrap elementor-element-populated\">\n\t\t\t\t\t\t\t\t<div class=\"elementor-element elementor-element-9247f9a green-line elementor-widget elementor-widget-heading\" data-id=\"9247f9a\" data-element_type=\"widget\" data-widget_type=\"heading.default\">\n\t\t\t\t<div class=\"elementor-widget-container\">\n\t\t\t<h2 class=\"elementor-heading-title elementor-size-default\">Ce que <span class=\"extrabold\">nous offrons<\/span><\/h2>\t\t<\/div>\n\t\t\t\t<\/div>\n\t\t\t\t<div class=\"elementor-element elementor-element-134cf45 elementor-widget elementor-widget-text-editor\" data-id=\"134cf45\" data-element_type=\"widget\" data-widget_type=\"text-editor.default\">\n\t\t\t\t<div class=\"elementor-widget-container\">\n\t\t\t\t\t\t\t<ul><li>Acc\u00e8s facile \u00e0 des ingr\u00e9dients simples et de qualit\u00e9 provenant du monde entier<\/li><li>Entreposage, distribution et logistique<\/li><li>Informations actualis\u00e9es sur les r\u00e9coltes, les march\u00e9s et les tendances<\/li><li>Prix comp\u00e9titifs<\/li><li>Acc\u00e8s aux meilleurs :<ul><li>fruits et l\u00e9gumes secs\/congel\u00e9s<\/li><li>jus et pur\u00e9es<\/li><li>huiles et extraits<\/li><li>noix et noix de coco<\/li><li>arachides<\/li><li>beurres de noix et de graines<\/li><li>gingembre<\/li><li>et des produits sp\u00e9cialis\u00e9s sur le march\u00e9.<\/li><\/ul><\/li><li>Produits qui s&rsquo;adaptent parfaitement aux tendances actuelles du march\u00e9. Vous ciblez le r\u00e9gime v\u00e9g\u00e9talien, v\u00e9g\u00e9tarien, k\u00e9to ou pal\u00e9o, etc. Nous avons l&rsquo;ingr\u00e9dients qui r\u00e9pondra \u00e0 vos besoins.<\/li><li>Nous vous accompagnons d\u00e8s le d\u00e9but de vos projets de d\u00e9veloppement jusqu&rsquo;\u00e0 la mise en march\u00e9.<\/li><li>Diverses options d&rsquo;ingr\u00e9dients pour les segments industriels suivants :<ul><li>boulangerie<\/li><li>boissons<\/li><li>collations<\/li><li>produits laitiers<\/li><li>friandises pour animaux<\/li><li>pharmacie\/nutraceutique<\/li><li>\u2026<\/li><\/ul><\/li><li>Certification BRC AA. Tous nos partenaires sont certifi\u00e9s en mati\u00e8re de s\u00e9curit\u00e9 alimentaire (BRC, GFSI ou \u00e9quivalent).<\/li><\/ul>\t\t\t\t\t\t<\/div>\n\t\t\t\t<\/div>\n\t\t\t\t\t<\/div>\n\t\t<\/div>\n\t\t\t\t\t\t\t<\/div>\n\t\t<\/section>\n\t\t\t\t\t<\/div>\n\t\t<\/div>\n\t\t\t\t\t\t\t<\/div>\n\t\t<\/section>\n\t\t\t\t<section class=\"elementor-section elementor-top-section elementor-element elementor-element-019bc2c pv100 elementor-section-boxed elementor-section-height-default elementor-section-height-default\" data-id=\"019bc2c\" data-element_type=\"section\" data-settings=\"{&quot;background_background&quot;:&quot;classic&quot;}\">\n\t\t\t\t\t\t<div class=\"elementor-container elementor-column-gap-default\">\n\t\t\t\t\t<div class=\"elementor-column elementor-col-100 elementor-top-column elementor-element elementor-element-c0396b7\" data-id=\"c0396b7\" data-element_type=\"column\">\n\t\t\t<div class=\"elementor-widget-wrap elementor-element-populated\">\n\t\t\t\t\t\t\t\t<div class=\"elementor-element elementor-element-9f8cdc7 green-line-center pb50 elementor-widget elementor-widget-heading\" data-id=\"9f8cdc7\" data-element_type=\"widget\" data-widget_type=\"heading.default\">\n\t\t\t\t<div class=\"elementor-widget-container\">\n\t\t\t<h2 class=\"elementor-heading-title elementor-size-default\">Nos <span class='extrabold'>services<\/span><\/h2>\t\t<\/div>\n\t\t\t\t<\/div>\n\t\t\t\t<section class=\"elementor-section elementor-inner-section elementor-element elementor-element-0b5fd7d section-services elementor-section-full_width elementor-section-height-default elementor-section-height-default\" data-id=\"0b5fd7d\" data-element_type=\"section\">\n\t\t\t\t\t\t<div class=\"elementor-container elementor-column-gap-default\">\n\t\t\t\t\t<div class=\"elementor-column elementor-col-25 elementor-inner-column elementor-element elementor-element-9208d16 col-services col-50 raven-column-flex-horizontal\" data-id=\"9208d16\" data-element_type=\"column\">\n\t\t\t<div class=\"elementor-widget-wrap elementor-element-populated\">\n\t\t\t\t\t\t\t\t<div class=\"elementor-element elementor-element-d5d03f2 img-box-services elementor-position-top elementor-vertical-align-top elementor-widget elementor-widget-image-box\" data-id=\"d5d03f2\" data-element_type=\"widget\" data-widget_type=\"image-box.default\">\n\t\t\t\t<div class=\"elementor-widget-container\">\n\t\t\t<div class=\"elementor-image-box-wrapper\"><figure class=\"elementor-image-box-img\"><img decoding=\"async\" width=\"483\" height=\"310\" src=\"https:\/\/www.proingredients.com\/wp-content\/uploads\/2021\/03\/working-side-by-side.jpg\" class=\"attachment-full size-full wp-image-944\" alt=\"\" loading=\"lazy\" srcset=\"https:\/\/www.proingredients.com\/wp-content\/uploads\/2021\/03\/working-side-by-side.jpg 483w, https:\/\/www.proingredients.com\/wp-content\/uploads\/2021\/03\/working-side-by-side-300x193.jpg 300w\" sizes=\"(max-width: 483px) 100vw, 483px\" \/><\/figure><div class=\"elementor-image-box-content\"><h3 class=\"elementor-image-box-title\">Nous travaillons conjointement avec votre \u00e9quipe de recherche et d\u00e9veloppement de produits.<\/h3><\/div><\/div>\t\t<\/div>\n\t\t\t\t<\/div>\n\t\t\t\t\t<\/div>\n\t\t<\/div>\n\t\t\t\t<div class=\"elementor-column elementor-col-25 elementor-inner-column elementor-element elementor-element-a336260 col-services col-50 raven-column-flex-horizontal\" data-id=\"a336260\" data-element_type=\"column\">\n\t\t\t<div class=\"elementor-widget-wrap elementor-element-populated\">\n\t\t\t\t\t\t\t\t<div class=\"elementor-element elementor-element-d539add img-box-services elementor-position-top elementor-vertical-align-top elementor-widget elementor-widget-image-box\" data-id=\"d539add\" data-element_type=\"widget\" data-widget_type=\"image-box.default\">\n\t\t\t\t<div class=\"elementor-widget-container\">\n\t\t\t<div class=\"elementor-image-box-wrapper\"><figure class=\"elementor-image-box-img\"><img decoding=\"async\" width=\"483\" height=\"310\" src=\"https:\/\/www.proingredients.com\/wp-content\/uploads\/2021\/03\/warehousing.jpg\" class=\"attachment-full size-full wp-image-942\" alt=\"\" loading=\"lazy\" srcset=\"https:\/\/www.proingredients.com\/wp-content\/uploads\/2021\/03\/warehousing.jpg 483w, https:\/\/www.proingredients.com\/wp-content\/uploads\/2021\/03\/warehousing-300x193.jpg 300w\" sizes=\"(max-width: 483px) 100vw, 483px\" \/><\/figure><div class=\"elementor-image-box-content\"><h3 class=\"elementor-image-box-title\">Nous vous aidons en mati\u00e8re d'entreposage, de logistique et de distribution.<\/h3><\/div><\/div>\t\t<\/div>\n\t\t\t\t<\/div>\n\t\t\t\t\t<\/div>\n\t\t<\/div>\n\t\t\t\t<div class=\"elementor-column elementor-col-25 elementor-inner-column elementor-element elementor-element-cc52b10 col-services col-50 raven-column-flex-horizontal\" data-id=\"cc52b10\" data-element_type=\"column\">\n\t\t\t<div class=\"elementor-widget-wrap elementor-element-populated\">\n\t\t\t\t\t\t\t\t<div class=\"elementor-element elementor-element-89930d7 img-box-services elementor-vertical-align-middle elementor-position-top elementor-widget elementor-widget-image-box\" data-id=\"89930d7\" data-element_type=\"widget\" data-widget_type=\"image-box.default\">\n\t\t\t\t<div class=\"elementor-widget-container\">\n\t\t\t<div class=\"elementor-image-box-wrapper\"><figure class=\"elementor-image-box-img\"><img decoding=\"async\" width=\"737\" height=\"310\" src=\"https:\/\/www.proingredients.com\/wp-content\/uploads\/2021\/03\/keep-you-up-to-date.jpg\" class=\"attachment-full size-full wp-image-936\" alt=\"\" loading=\"lazy\" srcset=\"https:\/\/www.proingredients.com\/wp-content\/uploads\/2021\/03\/keep-you-up-to-date.jpg 737w, https:\/\/www.proingredients.com\/wp-content\/uploads\/2021\/03\/keep-you-up-to-date-300x126.jpg 300w\" sizes=\"(max-width: 737px) 100vw, 737px\" \/><\/figure><div class=\"elementor-image-box-content\"><h3 class=\"elementor-image-box-title\">Nous vous tenons inform\u00e9s des informations sur les r\u00e9coltes, les march\u00e9s et les tendances.<\/h3><\/div><\/div>\t\t<\/div>\n\t\t\t\t<\/div>\n\t\t\t\t\t<\/div>\n\t\t<\/div>\n\t\t\t\t<div class=\"elementor-column elementor-col-25 elementor-inner-column elementor-element elementor-element-9c97941 col-services col-50 raven-column-flex-horizontal\" data-id=\"9c97941\" data-element_type=\"column\">\n\t\t\t<div class=\"elementor-widget-wrap elementor-element-populated\">\n\t\t\t\t\t\t\t\t<div class=\"elementor-element elementor-element-b88f287 img-box-services elementor-position-top elementor-vertical-align-top elementor-widget elementor-widget-image-box\" data-id=\"b88f287\" data-element_type=\"widget\" data-widget_type=\"image-box.default\">\n\t\t\t\t<div class=\"elementor-widget-container\">\n\t\t\t<div class=\"elementor-image-box-wrapper\"><figure class=\"elementor-image-box-img\"><img decoding=\"async\" width=\"1870\" height=\"786\" src=\"https:\/\/www.proingredients.com\/wp-content\/uploads\/2021\/07\/eader-market-reports-_-trends-2.jpg\" class=\"attachment-full size-full wp-image-3105\" alt=\"\" loading=\"lazy\" srcset=\"https:\/\/www.proingredients.com\/wp-content\/uploads\/2021\/07\/eader-market-reports-_-trends-2.jpg 1870w, https:\/\/www.proingredients.com\/wp-content\/uploads\/2021\/07\/eader-market-reports-_-trends-2-300x126.jpg 300w, https:\/\/www.proingredients.com\/wp-content\/uploads\/2021\/07\/eader-market-reports-_-trends-2-1024x430.jpg 1024w, https:\/\/www.proingredients.com\/wp-content\/uploads\/2021\/07\/eader-market-reports-_-trends-2-768x323.jpg 768w, https:\/\/www.proingredients.com\/wp-content\/uploads\/2021\/07\/eader-market-reports-_-trends-2-1536x646.jpg 1536w\" sizes=\"(max-width: 1870px) 100vw, 1870px\" \/><\/figure><div class=\"elementor-image-box-content\"><h3 class=\"elementor-image-box-title\">Nous tirons parti de notre pouvoir d'achat pour offrir des prix comp\u00e9titifs \u00e0 tous nos clients.<\/h3><\/div><\/div>\t\t<\/div>\n\t\t\t\t<\/div>\n\t\t\t\t\t<\/div>\n\t\t<\/div>\n\t\t\t\t\t\t\t<\/div>\n\t\t<\/section>\n\t\t\t\t\t<\/div>\n\t\t<\/div>\n\t\t\t\t\t\t\t<\/div>\n\t\t<\/section>\n\t\t\t\t\t\t\t<\/div>\n\t\t","protected":false},"excerpt":{"rendered":"<p>Nos services Ce que nous offrons Acc\u00e8s facile \u00e0 des ingr\u00e9dients simples et de qualit\u00e9 provenant du monde entier Entreposage, distribution et logistique Informations actualis\u00e9es sur les r\u00e9coltes, les march\u00e9s et les tendances Prix comp\u00e9titifs Acc\u00e8s aux meilleurs : fruits et l\u00e9gumes secs\/congel\u00e9s jus et pur\u00e9es huiles et extraits noix et noix de coco arachides [&hellip;]<\/p>\n","protected":false},"author":1,"featured_media":933,"parent":0,"menu_order":0,"comment_status":"closed","ping_status":"closed","template":"elementor_header_footer","meta":[],"yoast_head":"<!-- This site is optimized with the Yoast SEO plugin v20.8 - https:\/\/yoast.com\/wordpress\/plugins\/seo\/ -->\n<title>Services - PROingredients<\/title>\n<meta name=\"robots\" content=\"index, follow, max-snippet:-1, max-image-preview:large, max-video-preview:-1\" \/>\n<link rel=\"canonical\" href=\"https:\/\/www.proingredients.com\/fr\/services\/\" \/>\n<meta property=\"og:locale\" content=\"fr_CA\" \/>\n<meta property=\"og:type\" content=\"article\" \/>\n<meta property=\"og:title\" content=\"Services - PROingredients\" \/>\n<meta property=\"og:description\" content=\"Nos services Ce que nous offrons Acc\u00e8s facile \u00e0 des ingr\u00e9dients simples et de qualit\u00e9 provenant du monde entier Entreposage, distribution et logistique Informations actualis\u00e9es sur les r\u00e9coltes, les march\u00e9s et les tendances Prix comp\u00e9titifs Acc\u00e8s aux meilleurs : fruits et l\u00e9gumes secs\/congel\u00e9s jus et pur\u00e9es huiles et extraits noix et noix de coco arachides [&hellip;]\" \/>\n<meta property=\"og:url\" content=\"https:\/\/www.proingredients.com\/fr\/services\/\" \/>\n<meta property=\"og:site_name\" content=\"PROingredients\" \/>\n<meta property=\"article:modified_time\" content=\"2021-10-19T14:56:59+00:00\" \/>\n<meta property=\"og:image\" content=\"https:\/\/www.proingredients.com\/wp-content\/uploads\/2021\/03\/header-services.jpg\" \/>\n\t<meta property=\"og:image:width\" content=\"1870\" \/>\n\t<meta property=\"og:image:height\" content=\"786\" \/>\n\t<meta property=\"og:image:type\" content=\"image\/jpeg\" \/>\n<meta name=\"twitter:card\" content=\"summary_large_image\" \/>\n<meta name=\"twitter:label1\" content=\"Estimation du temps de lecture\" \/>\n\t<meta name=\"twitter:data1\" content=\"2 minutes\" \/>\n<script type=\"application\/ld+json\" class=\"yoast-schema-graph\">{\"@context\":\"https:\/\/schema.org\",\"@graph\":[{\"@type\":\"WebPage\",\"@id\":\"https:\/\/www.proingredients.com\/fr\/services\/\",\"url\":\"https:\/\/www.proingredients.com\/fr\/services\/\",\"name\":\"Services - PROingredients\",\"isPartOf\":{\"@id\":\"https:\/\/www.proingredients.com\/#website\"},\"datePublished\":\"2021-03-16T18:52:38+00:00\",\"dateModified\":\"2021-10-19T14:56:59+00:00\",\"breadcrumb\":{\"@id\":\"https:\/\/www.proingredients.com\/fr\/services\/#breadcrumb\"},\"inLanguage\":\"fr-CA\",\"potentialAction\":[{\"@type\":\"ReadAction\",\"target\":[\"https:\/\/www.proingredients.com\/fr\/services\/\"]}]},{\"@type\":\"BreadcrumbList\",\"@id\":\"https:\/\/www.proingredients.com\/fr\/services\/#breadcrumb\",\"itemListElement\":[{\"@type\":\"ListItem\",\"position\":1,\"name\":\"Accueil\",\"item\":\"https:\/\/www.proingredients.com\/fr\/\"},{\"@type\":\"ListItem\",\"position\":2,\"name\":\"Services\"}]},{\"@type\":\"WebSite\",\"@id\":\"https:\/\/www.proingredients.com\/#website\",\"url\":\"https:\/\/www.proingredients.com\/\",\"name\":\"PROingredients\",\"description\":\"\",\"potentialAction\":[{\"@type\":\"SearchAction\",\"target\":{\"@type\":\"EntryPoint\",\"urlTemplate\":\"https:\/\/www.proingredients.com\/?s={search_term_string}\"},\"query-input\":\"required name=search_term_string\"}],\"inLanguage\":\"fr-CA\"}]}<\/script>\n<!-- \/ Yoast SEO plugin. -->","yoast_head_json":{"title":"Services - PROingredients","robots":{"index":"index","follow":"follow","max-snippet":"max-snippet:-1","max-image-preview":"max-image-preview:large","max-video-preview":"max-video-preview:-1"},"canonical":"https:\/\/www.proingredients.com\/fr\/services\/","og_locale":"fr_CA","og_type":"article","og_title":"Services - PROingredients","og_description":"Nos services Ce que nous offrons Acc\u00e8s facile \u00e0 des ingr\u00e9dients simples et de qualit\u00e9 provenant du monde entier Entreposage, distribution et logistique Informations actualis\u00e9es sur les r\u00e9coltes, les march\u00e9s et les tendances Prix comp\u00e9titifs Acc\u00e8s aux meilleurs : fruits et l\u00e9gumes secs\/congel\u00e9s jus et pur\u00e9es huiles et extraits noix et noix de coco arachides [&hellip;]","og_url":"https:\/\/www.proingredients.com\/fr\/services\/","og_site_name":"PROingredients","article_modified_time":"2021-10-19T14:56:59+00:00","og_image":[{"width":1870,"height":786,"url":"https:\/\/www.proingredients.com\/wp-content\/uploads\/2021\/03\/header-services.jpg","type":"image\/jpeg"}],"twitter_card":"summary_large_image","twitter_misc":{"Estimation du temps de lecture":"2 minutes"},"schema":{"@context":"https:\/\/schema.org","@graph":[{"@type":"WebPage","@id":"https:\/\/www.proingredients.com\/fr\/services\/","url":"https:\/\/www.proingredients.com\/fr\/services\/","name":"Services - PROingredients","isPartOf":{"@id":"https:\/\/www.proingredients.com\/#website"},"datePublished":"2021-03-16T18:52:38+00:00","dateModified":"2021-10-19T14:56:59+00:00","breadcrumb":{"@id":"https:\/\/www.proingredients.com\/fr\/services\/#breadcrumb"},"inLanguage":"fr-CA","potentialAction":[{"@type":"ReadAction","target":["https:\/\/www.proingredients.com\/fr\/services\/"]}]},{"@type":"BreadcrumbList","@id":"https:\/\/www.proingredients.com\/fr\/services\/#breadcrumb","itemListElement":[{"@type":"ListItem","position":1,"name":"Accueil","item":"https:\/\/www.proingredients.com\/fr\/"},{"@type":"ListItem","position":2,"name":"Services"}]},{"@type":"WebSite","@id":"https:\/\/www.proingredients.com\/#website","url":"https:\/\/www.proingredients.com\/","name":"PROingredients","description":"","potentialAction":[{"@type":"SearchAction","target":{"@type":"EntryPoint","urlTemplate":"https:\/\/www.proingredients.com\/?s={search_term_string}"},"query-input":"required name=search_term_string"}],"inLanguage":"fr-CA"}]}},"_links":{"self":[{"href":"https:\/\/www.proingredients.com\/fr\/wp-json\/wp\/v2\/pages\/4534"}],"collection":[{"href":"https:\/\/www.proingredients.com\/fr\/wp-json\/wp\/v2\/pages"}],"about":[{"href":"https:\/\/www.proingredients.com\/fr\/wp-json\/wp\/v2\/types\/page"}],"author":[{"embeddable":true,"href":"https:\/\/www.proingredients.com\/fr\/wp-json\/wp\/v2\/users\/1"}],"replies":[{"embeddable":true,"href":"https:\/\/www.proingredients.com\/fr\/wp-json\/wp\/v2\/comments?post=4534"}],"version-history":[{"count":10,"href":"https:\/\/www.proingredients.com\/fr\/wp-json\/wp\/v2\/pages\/4534\/revisions"}],"predecessor-version":[{"id":5358,"href":"https:\/\/www.proingredients.com\/fr\/wp-json\/wp\/v2\/pages\/4534\/revisions\/5358"}],"wp:featuredmedia":[{"embeddable":true,"href":"https:\/\/www.proingredients.com\/fr\/wp-json\/wp\/v2\/media\/933"}],"wp:attachment":[{"href":"https:\/\/www.proingredients.com\/fr\/wp-json\/wp\/v2\/media?parent=4534"}],"curies":[{"name":"wp","href":"https:\/\/api.w.org\/{rel}","templated":true}]}}