{"id":4569,"date":"2021-03-16T19:38:52","date_gmt":"2021-03-16T19:38:52","guid":{"rendered":"https:\/\/proingredients.com\/market-reports\/"},"modified":"2024-08-01T13:46:40","modified_gmt":"2024-08-01T13:46:40","slug":"rapports-de-marche","status":"publish","type":"page","link":"https:\/\/www.proingredients.com\/fr\/rapports-de-marche\/","title":{"rendered":"Rapports de march\u00e9"},"content":{"rendered":"\t\t<div data-elementor-type=\"wp-page\" data-elementor-id=\"4569\" class=\"elementor elementor-4569\">\n\t\t\t\t\t\t\t\t\t<section class=\"elementor-section elementor-top-section elementor-element elementor-element-73d0348 top-section elementor-section-height-min-height elementor-section-boxed elementor-section-height-default elementor-section-items-middle\" data-id=\"73d0348\" data-element_type=\"section\" data-settings=\"{&quot;background_background&quot;:&quot;slideshow&quot;,&quot;background_motion_fx_scale_effect&quot;:&quot;yes&quot;,&quot;background_slideshow_gallery&quot;:[{&quot;id&quot;:3105,&quot;url&quot;:&quot;https:\\\/\\\/proingredients.com\\\/wp-content\\\/uploads\\\/2021\\\/07\\\/eader-market-reports-_-trends-2.jpg&quot;},{&quot;id&quot;:3107,&quot;url&quot;:&quot;https:\\\/\\\/proingredients.com\\\/wp-content\\\/uploads\\\/2021\\\/07\\\/eader-market-reports-_-trends-3.jpg&quot;},{&quot;id&quot;:3109,&quot;url&quot;:&quot;https:\\\/\\\/proingredients.com\\\/wp-content\\\/uploads\\\/2021\\\/07\\\/eader-market-reports-_-trends-4.jpg&quot;},{&quot;id&quot;:3111,&quot;url&quot;:&quot;https:\\\/\\\/proingredients.com\\\/wp-content\\\/uploads\\\/2021\\\/07\\\/header-market-reports-_-trends-1.jpg&quot;}],&quot;background_slideshow_loop&quot;:&quot;yes&quot;,&quot;background_slideshow_slide_duration&quot;:5000,&quot;background_slideshow_slide_transition&quot;:&quot;fade&quot;,&quot;background_slideshow_transition_duration&quot;:500,&quot;background_motion_fx_scale_direction&quot;:&quot;out-in&quot;,&quot;background_motion_fx_scale_speed&quot;:{&quot;unit&quot;:&quot;px&quot;,&quot;size&quot;:4,&quot;sizes&quot;:[]},&quot;background_motion_fx_scale_range&quot;:{&quot;unit&quot;:&quot;%&quot;,&quot;size&quot;:&quot;&quot;,&quot;sizes&quot;:{&quot;start&quot;:20,&quot;end&quot;:80}},&quot;background_motion_fx_devices&quot;:[&quot;desktop&quot;,&quot;tablet&quot;,&quot;mobile&quot;]}\">\n\t\t\t\t\t\t\t<div class=\"elementor-background-overlay\"><\/div>\n\t\t\t\t\t\t\t<div class=\"elementor-container elementor-column-gap-default\">\n\t\t\t\t\t<div class=\"elementor-column elementor-col-100 elementor-top-column elementor-element elementor-element-e37e1c9\" data-id=\"e37e1c9\" data-element_type=\"column\">\n\t\t\t<div class=\"elementor-widget-wrap elementor-element-populated\">\n\t\t\t\t\t\t\t\t<div class=\"elementor-element elementor-element-929c2e0 elementor-invisible elementor-widget elementor-widget-heading\" data-id=\"929c2e0\" data-element_type=\"widget\" data-settings=\"{&quot;_animation&quot;:&quot;fadeInLeft&quot;}\" data-widget_type=\"heading.default\">\n\t\t\t\t<div class=\"elementor-widget-container\">\n\t\t\t<h1 class=\"elementor-heading-title elementor-size-default\">Rapports de march\u00e9<\/h1>\t\t<\/div>\n\t\t\t\t<\/div>\n\t\t\t\t\t<\/div>\n\t\t<\/div>\n\t\t\t\t\t\t\t<\/div>\n\t\t<\/section>\n\t\t\t\t<section class=\"elementor-section elementor-top-section elementor-element elementor-element-e916161 elementor-section-boxed elementor-section-height-default elementor-section-height-default\" data-id=\"e916161\" data-element_type=\"section\">\n\t\t\t\t\t\t<div class=\"elementor-container elementor-column-gap-default\">\n\t\t\t\t\t<div class=\"elementor-column elementor-col-100 elementor-top-column elementor-element elementor-element-c7dd994\" data-id=\"c7dd994\" data-element_type=\"column\">\n\t\t\t<div class=\"elementor-widget-wrap elementor-element-populated\">\n\t\t\t\t\t\t\t\t<section class=\"elementor-section elementor-inner-section elementor-element elementor-element-bab65cf elementor-section-full_width elementor-section-height-default elementor-section-height-default\" data-id=\"bab65cf\" data-element_type=\"section\" data-settings=\"{&quot;background_background&quot;:&quot;classic&quot;}\">\n\t\t\t\t\t\t<div class=\"elementor-container elementor-column-gap-default\">\n\t\t\t\t\t<div class=\"elementor-column elementor-col-100 elementor-inner-column elementor-element elementor-element-ae9c244\" data-id=\"ae9c244\" data-element_type=\"column\">\n\t\t\t<div class=\"elementor-widget-wrap elementor-element-populated\">\n\t\t\t\t\t\t\t\t<div class=\"elementor-element elementor-element-5e89169 elementor-widget elementor-widget-heading\" data-id=\"5e89169\" data-element_type=\"widget\" data-widget_type=\"heading.default\">\n\t\t\t\t<div class=\"elementor-widget-container\">\n\t\t\t<div class=\"elementor-heading-title elementor-size-default\">Rapports de march\u00e9<\/div>\t\t<\/div>\n\t\t\t\t<\/div>\n\t\t\t\t<div class=\"elementor-element elementor-element-acb09c4 elementor-align-left elementor-icon-list--layout-traditional elementor-list-item-link-full_width elementor-widget elementor-widget-icon-list\" data-id=\"acb09c4\" data-element_type=\"widget\" data-widget_type=\"icon-list.default\">\n\t\t\t\t<div class=\"elementor-widget-container\">\n\t\t\t\t\t<ul class=\"elementor-icon-list-items\">\n\t\t\t\t\t\t\t<li class=\"elementor-icon-list-item\">\n\t\t\t\t\t\t\t\t\t\t\t<a href=\"https:\/\/www.proingredients.com\/wp-content\/uploads\/2024\/08\/Almond-Market-Update-for-July-2024.pdfds\/2024\/08\/2024.05-Pistachio-Industry-Market-Update.pdf\" target=\"_blank\">\n\n\t\t\t\t\t\t\t\t\t\t\t<span class=\"elementor-icon-list-text\">Almonds Market Update - July 2024<\/span>\n\t\t\t\t\t\t\t\t\t\t\t<\/a>\n\t\t\t\t\t\t\t\t\t<\/li>\n\t\t\t\t\t\t\t\t<li class=\"elementor-icon-list-item\">\n\t\t\t\t\t\t\t\t\t\t\t<a href=\"https:\/\/www.proingredients.com\/wp-content\/uploads\/2024\/08\/2024.05-Pistachio-Industry-Market-Update.pdf\" target=\"_blank\">\n\n\t\t\t\t\t\t\t\t\t\t\t<span class=\"elementor-icon-list-text\">Pistachios Market Update - July 2024<\/span>\n\t\t\t\t\t\t\t\t\t\t\t<\/a>\n\t\t\t\t\t\t\t\t\t<\/li>\n\t\t\t\t\t\t\t\t<li class=\"elementor-icon-list-item\">\n\t\t\t\t\t\t\t\t\t\t\t<a href=\"https:\/\/www.proingredients.com\/wp-content\/uploads\/2024\/06\/Almond-Market-Update-for-June-2024.pdf\" target=\"_blank\">\n\n\t\t\t\t\t\t\t\t\t\t\t<span class=\"elementor-icon-list-text\">Almond Market Update - June 2024<\/span>\n\t\t\t\t\t\t\t\t\t\t\t<\/a>\n\t\t\t\t\t\t\t\t\t<\/li>\n\t\t\t\t\t\t\t\t<li class=\"elementor-icon-list-item\">\n\t\t\t\t\t\t\t\t\t\t\t<a href=\"https:\/\/www.proingredients.com\/wp-content\/uploads\/2024\/05\/Almond-Market-Update-for-May-2024.pdf\" target=\"_blank\">\n\n\t\t\t\t\t\t\t\t\t\t\t<span class=\"elementor-icon-list-text\">Almond Market Update - May 2024<\/span>\n\t\t\t\t\t\t\t\t\t\t\t<\/a>\n\t\t\t\t\t\t\t\t\t<\/li>\n\t\t\t\t\t\t\t\t<li class=\"elementor-icon-list-item\">\n\t\t\t\t\t\t\t\t\t\t\t<a href=\"https:\/\/www.proingredients.com\/wp-content\/uploads\/2024\/04\/Almond-Market-Update-for-April-2024.pdf\" target=\"_blank\">\n\n\t\t\t\t\t\t\t\t\t\t\t<span class=\"elementor-icon-list-text\">Almond Market Update - April 2024<\/span>\n\t\t\t\t\t\t\t\t\t\t\t<\/a>\n\t\t\t\t\t\t\t\t\t<\/li>\n\t\t\t\t\t\t\t\t<li class=\"elementor-icon-list-item\">\n\t\t\t\t\t\t\t\t\t\t\t<a href=\"https:\/\/www.proingredients.com\/wp-content\/uploads\/2024\/03\/Almond-Market-Update-for-March-2024.pdf\" target=\"_blank\">\n\n\t\t\t\t\t\t\t\t\t\t\t<span class=\"elementor-icon-list-text\">Almond Market Update - March 2024<\/span>\n\t\t\t\t\t\t\t\t\t\t\t<\/a>\n\t\t\t\t\t\t\t\t\t<\/li>\n\t\t\t\t\t\t\t\t<li class=\"elementor-icon-list-item\">\n\t\t\t\t\t\t\t\t\t\t\t<a href=\"https:\/\/www.proingredients.com\/wp-content\/uploads\/2024\/03\/2024.02-Pistachio-Industry-Market-Update.pdf\" target=\"_blank\">\n\n\t\t\t\t\t\t\t\t\t\t\t<span class=\"elementor-icon-list-text\">Pistachios Industry Market Update - February 2024<\/span>\n\t\t\t\t\t\t\t\t\t\t\t<\/a>\n\t\t\t\t\t\t\t\t\t<\/li>\n\t\t\t\t\t\t\t\t<li class=\"elementor-icon-list-item\">\n\t\t\t\t\t\t\t\t\t\t\t<a href=\"https:\/\/www.proingredients.com\/wp-content\/uploads\/2024\/03\/Almond-Market-Update-for-February-2024.pdf\" target=\"_blank\">\n\n\t\t\t\t\t\t\t\t\t\t\t<span class=\"elementor-icon-list-text\">Almond Market Update - February 2024<\/span>\n\t\t\t\t\t\t\t\t\t\t\t<\/a>\n\t\t\t\t\t\t\t\t\t<\/li>\n\t\t\t\t\t\t\t\t<li class=\"elementor-icon-list-item\">\n\t\t\t\t\t\t\t\t\t\t\t<a href=\"https:\/\/www.proingredients.com\/wp-content\/uploads\/2024\/03\/Almond-Market-Update-for-January-2024.pdf\" target=\"_blank\">\n\n\t\t\t\t\t\t\t\t\t\t\t<span class=\"elementor-icon-list-text\">Almond Market Update - January 2024<\/span>\n\t\t\t\t\t\t\t\t\t\t\t<\/a>\n\t\t\t\t\t\t\t\t\t<\/li>\n\t\t\t\t\t\t\t\t<li class=\"elementor-icon-list-item\">\n\t\t\t\t\t\t\t\t\t\t\t<a href=\"https:\/\/www.proingredients.com\/wp-content\/uploads\/2023\/12\/Almond-Market-Update-for-December-2023.pdf\" target=\"_blank\">\n\n\t\t\t\t\t\t\t\t\t\t\t<span class=\"elementor-icon-list-text\">Almond Market Update - December 2023<\/span>\n\t\t\t\t\t\t\t\t\t\t\t<\/a>\n\t\t\t\t\t\t\t\t\t<\/li>\n\t\t\t\t\t\t\t\t<li class=\"elementor-icon-list-item\">\n\t\t\t\t\t\t\t\t\t\t\t<a href=\"https:\/\/www.proingredients.com\/wp-content\/uploads\/2023\/11\/Almond-Market-Update-for-November-2023.pdf\" target=\"_blank\">\n\n\t\t\t\t\t\t\t\t\t\t\t<span class=\"elementor-icon-list-text\">Almond Market Update - November 2023<\/span>\n\t\t\t\t\t\t\t\t\t\t\t<\/a>\n\t\t\t\t\t\t\t\t\t<\/li>\n\t\t\t\t\t\t\t\t<li class=\"elementor-icon-list-item\">\n\t\t\t\t\t\t\t\t\t\t\t<a href=\"https:\/\/www.proingredients.com\/wp-content\/uploads\/2023\/11\/Pecan-Market-Update-November-2023.pdf\" target=\"_blank\">\n\n\t\t\t\t\t\t\t\t\t\t\t<span class=\"elementor-icon-list-text\">Pecan Market Update - October 2023<\/span>\n\t\t\t\t\t\t\t\t\t\t\t<\/a>\n\t\t\t\t\t\t\t\t\t<\/li>\n\t\t\t\t\t\t\t\t<li class=\"elementor-icon-list-item\">\n\t\t\t\t\t\t\t\t\t\t\t<a href=\"https:\/\/www.proingredients.com\/wp-content\/uploads\/2023\/10\/Almond-Market-Update-for-October-2023.pdf\" target=\"_blank\">\n\n\t\t\t\t\t\t\t\t\t\t\t<span class=\"elementor-icon-list-text\">Almond Market Update - October 2023<\/span>\n\t\t\t\t\t\t\t\t\t\t\t<\/a>\n\t\t\t\t\t\t\t\t\t<\/li>\n\t\t\t\t\t\t\t\t<li class=\"elementor-icon-list-item\">\n\t\t\t\t\t\t\t\t\t\t\t<a href=\"https:\/\/www.proingredients.com\/wp-content\/uploads\/2023\/09\/Almond-Market-Update-for-September-2023.pdf\" target=\"_blank\">\n\n\t\t\t\t\t\t\t\t\t\t\t<span class=\"elementor-icon-list-text\">Almond Market Update - September 2023<\/span>\n\t\t\t\t\t\t\t\t\t\t\t<\/a>\n\t\t\t\t\t\t\t\t\t<\/li>\n\t\t\t\t\t\t\t\t<li class=\"elementor-icon-list-item\">\n\t\t\t\t\t\t\t\t\t\t\t<a href=\"https:\/\/www.proingredients.com\/wp-content\/uploads\/2023\/08\/2023-The-Blueberry-Situation.pdf\" target=\"_blank\">\n\n\t\t\t\t\t\t\t\t\t\t\t<span class=\"elementor-icon-list-text\">2023 Blueberry Situation<\/span>\n\t\t\t\t\t\t\t\t\t\t\t<\/a>\n\t\t\t\t\t\t\t\t\t<\/li>\n\t\t\t\t\t\t\t\t<li class=\"elementor-icon-list-item\">\n\t\t\t\t\t\t\t\t\t\t\t<a href=\"https:\/\/www.proingredients.com\/wp-content\/uploads\/2023\/08\/RVF-3rd-Q-Market-Report-2.0-7.7.23.pdf\" target=\"_blank\">\n\n\t\t\t\t\t\t\t\t\t\t\t<span class=\"elementor-icon-list-text\">Coconut Supply Update- July 2023<\/span>\n\t\t\t\t\t\t\t\t\t\t\t<\/a>\n\t\t\t\t\t\t\t\t\t<\/li>\n\t\t\t\t\t\t\t\t<li class=\"elementor-icon-list-item\">\n\t\t\t\t\t\t\t\t\t\t\t<a href=\"https:\/\/www.proingredients.com\/wp-content\/uploads\/2023\/08\/Almond-Market-Update-for-July-2023.pdf\" target=\"_blank\">\n\n\t\t\t\t\t\t\t\t\t\t\t<span class=\"elementor-icon-list-text\">Almond Market Update - July 2023<\/span>\n\t\t\t\t\t\t\t\t\t\t\t<\/a>\n\t\t\t\t\t\t\t\t\t<\/li>\n\t\t\t\t\t\t\t\t<li class=\"elementor-icon-list-item\">\n\t\t\t\t\t\t\t\t\t\t\t<a href=\"https:\/\/www.proingredients.com\/wp-content\/uploads\/2023\/06\/Almond-Market-Update-for-June-2023.pdf\" target=\"_blank\">\n\n\t\t\t\t\t\t\t\t\t\t\t<span class=\"elementor-icon-list-text\">Almond Market Update - June 2023<\/span>\n\t\t\t\t\t\t\t\t\t\t\t<\/a>\n\t\t\t\t\t\t\t\t\t<\/li>\n\t\t\t\t\t\t<\/ul>\n\t\t\t\t<\/div>\n\t\t\t\t<\/div>\n\t\t\t\t\t<\/div>\n\t\t<\/div>\n\t\t\t\t\t\t\t<\/div>\n\t\t<\/section>\n\t\t\t\t\t<\/div>\n\t\t<\/div>\n\t\t\t\t\t\t\t<\/div>\n\t\t<\/section>\n\t\t\t\t\t\t\t<\/div>\n\t\t","protected":false},"excerpt":{"rendered":"<p>Rapports de march\u00e9 Rapports de march\u00e9 Almonds Market Update &#8211; July 2024 Pistachios Market Update &#8211; July 2024 Almond Market Update &#8211; June 2024 Almond Market Update &#8211; May 2024 Almond Market Update &#8211; April 2024 Almond Market Update &#8211; March 2024 Pistachios Industry Market Update &#8211; February 2024 Almond Market Update &#8211; February 2024 [&hellip;]<\/p>\n","protected":false},"author":1,"featured_media":1197,"parent":0,"menu_order":0,"comment_status":"closed","ping_status":"closed","template":"elementor_header_footer","meta":[],"yoast_head":"<!-- This site is optimized with the Yoast SEO plugin v20.8 - https:\/\/yoast.com\/wordpress\/plugins\/seo\/ -->\n<title>Rapports de march\u00e9 - PROingredients<\/title>\n<meta name=\"robots\" content=\"index, follow, max-snippet:-1, max-image-preview:large, max-video-preview:-1\" \/>\n<link rel=\"canonical\" href=\"https:\/\/www.proingredients.com\/fr\/rapports-de-marche\/\" \/>\n<meta property=\"og:locale\" content=\"fr_CA\" \/>\n<meta property=\"og:type\" content=\"article\" \/>\n<meta property=\"og:title\" content=\"Rapports de march\u00e9 - PROingredients\" \/>\n<meta property=\"og:description\" content=\"Rapports de march\u00e9 Rapports de march\u00e9 Almonds Market Update &#8211; July 2024 Pistachios Market Update &#8211; July 2024 Almond Market Update &#8211; June 2024 Almond Market Update &#8211; May 2024 Almond Market Update &#8211; April 2024 Almond Market Update &#8211; March 2024 Pistachios Industry Market Update &#8211; February 2024 Almond Market Update &#8211; February 2024 [&hellip;]\" \/>\n<meta property=\"og:url\" content=\"https:\/\/www.proingredients.com\/fr\/rapports-de-marche\/\" \/>\n<meta property=\"og:site_name\" content=\"PROingredients\" \/>\n<meta property=\"article:modified_time\" content=\"2024-08-01T13:46:40+00:00\" \/>\n<meta property=\"og:image\" content=\"https:\/\/www.proingredients.com\/wp-content\/uploads\/2021\/03\/header-market-reports.jpg\" \/>\n\t<meta property=\"og:image:width\" content=\"1870\" \/>\n\t<meta property=\"og:image:height\" content=\"786\" \/>\n\t<meta property=\"og:image:type\" content=\"image\/jpeg\" \/>\n<meta name=\"twitter:card\" content=\"summary_large_image\" \/>\n<meta name=\"twitter:label1\" content=\"Estimation du temps de lecture\" \/>\n\t<meta name=\"twitter:data1\" content=\"1 minute\" \/>\n<script type=\"application\/ld+json\" class=\"yoast-schema-graph\">{\"@context\":\"https:\/\/schema.org\",\"@graph\":[{\"@type\":\"WebPage\",\"@id\":\"https:\/\/www.proingredients.com\/fr\/rapports-de-marche\/\",\"url\":\"https:\/\/www.proingredients.com\/fr\/rapports-de-marche\/\",\"name\":\"Rapports de march\u00e9 - PROingredients\",\"isPartOf\":{\"@id\":\"https:\/\/www.proingredients.com\/#website\"},\"datePublished\":\"2021-03-16T19:38:52+00:00\",\"dateModified\":\"2024-08-01T13:46:40+00:00\",\"breadcrumb\":{\"@id\":\"https:\/\/www.proingredients.com\/fr\/rapports-de-marche\/#breadcrumb\"},\"inLanguage\":\"fr-CA\",\"potentialAction\":[{\"@type\":\"ReadAction\",\"target\":[\"https:\/\/www.proingredients.com\/fr\/rapports-de-marche\/\"]}]},{\"@type\":\"BreadcrumbList\",\"@id\":\"https:\/\/www.proingredients.com\/fr\/rapports-de-marche\/#breadcrumb\",\"itemListElement\":[{\"@type\":\"ListItem\",\"position\":1,\"name\":\"Accueil\",\"item\":\"https:\/\/www.proingredients.com\/fr\/\"},{\"@type\":\"ListItem\",\"position\":2,\"name\":\"Rapports de march\u00e9\"}]},{\"@type\":\"WebSite\",\"@id\":\"https:\/\/www.proingredients.com\/#website\",\"url\":\"https:\/\/www.proingredients.com\/\",\"name\":\"PROingredients\",\"description\":\"\",\"potentialAction\":[{\"@type\":\"SearchAction\",\"target\":{\"@type\":\"EntryPoint\",\"urlTemplate\":\"https:\/\/www.proingredients.com\/?s={search_term_string}\"},\"query-input\":\"required name=search_term_string\"}],\"inLanguage\":\"fr-CA\"}]}<\/script>\n<!-- \/ Yoast SEO plugin. -->","yoast_head_json":{"title":"Rapports de march\u00e9 - PROingredients","robots":{"index":"index","follow":"follow","max-snippet":"max-snippet:-1","max-image-preview":"max-image-preview:large","max-video-preview":"max-video-preview:-1"},"canonical":"https:\/\/www.proingredients.com\/fr\/rapports-de-marche\/","og_locale":"fr_CA","og_type":"article","og_title":"Rapports de march\u00e9 - PROingredients","og_description":"Rapports de march\u00e9 Rapports de march\u00e9 Almonds Market Update &#8211; July 2024 Pistachios Market Update &#8211; July 2024 Almond Market Update &#8211; June 2024 Almond Market Update &#8211; May 2024 Almond Market Update &#8211; April 2024 Almond Market Update &#8211; March 2024 Pistachios Industry Market Update &#8211; February 2024 Almond Market Update &#8211; February 2024 [&hellip;]","og_url":"https:\/\/www.proingredients.com\/fr\/rapports-de-marche\/","og_site_name":"PROingredients","article_modified_time":"2024-08-01T13:46:40+00:00","og_image":[{"width":1870,"height":786,"url":"https:\/\/www.proingredients.com\/wp-content\/uploads\/2021\/03\/header-market-reports.jpg","type":"image\/jpeg"}],"twitter_card":"summary_large_image","twitter_misc":{"Estimation du temps de lecture":"1 minute"},"schema":{"@context":"https:\/\/schema.org","@graph":[{"@type":"WebPage","@id":"https:\/\/www.proingredients.com\/fr\/rapports-de-marche\/","url":"https:\/\/www.proingredients.com\/fr\/rapports-de-marche\/","name":"Rapports de march\u00e9 - PROingredients","isPartOf":{"@id":"https:\/\/www.proingredients.com\/#website"},"datePublished":"2021-03-16T19:38:52+00:00","dateModified":"2024-08-01T13:46:40+00:00","breadcrumb":{"@id":"https:\/\/www.proingredients.com\/fr\/rapports-de-marche\/#breadcrumb"},"inLanguage":"fr-CA","potentialAction":[{"@type":"ReadAction","target":["https:\/\/www.proingredients.com\/fr\/rapports-de-marche\/"]}]},{"@type":"BreadcrumbList","@id":"https:\/\/www.proingredients.com\/fr\/rapports-de-marche\/#breadcrumb","itemListElement":[{"@type":"ListItem","position":1,"name":"Accueil","item":"https:\/\/www.proingredients.com\/fr\/"},{"@type":"ListItem","position":2,"name":"Rapports de march\u00e9"}]},{"@type":"WebSite","@id":"https:\/\/www.proingredients.com\/#website","url":"https:\/\/www.proingredients.com\/","name":"PROingredients","description":"","potentialAction":[{"@type":"SearchAction","target":{"@type":"EntryPoint","urlTemplate":"https:\/\/www.proingredients.com\/?s={search_term_string}"},"query-input":"required name=search_term_string"}],"inLanguage":"fr-CA"}]}},"_links":{"self":[{"href":"https:\/\/www.proingredients.com\/fr\/wp-json\/wp\/v2\/pages\/4569"}],"collection":[{"href":"https:\/\/www.proingredients.com\/fr\/wp-json\/wp\/v2\/pages"}],"about":[{"href":"https:\/\/www.proingredients.com\/fr\/wp-json\/wp\/v2\/types\/page"}],"author":[{"embeddable":true,"href":"https:\/\/www.proingredients.com\/fr\/wp-json\/wp\/v2\/users\/1"}],"replies":[{"embeddable":true,"href":"https:\/\/www.proingredients.com\/fr\/wp-json\/wp\/v2\/comments?post=4569"}],"version-history":[{"count":20,"href":"https:\/\/www.proingredients.com\/fr\/wp-json\/wp\/v2\/pages\/4569\/revisions"}],"predecessor-version":[{"id":8251,"href":"https:\/\/www.proingredients.com\/fr\/wp-json\/wp\/v2\/pages\/4569\/revisions\/8251"}],"wp:featuredmedia":[{"embeddable":true,"href":"https:\/\/www.proingredients.com\/fr\/wp-json\/wp\/v2\/media\/1197"}],"wp:attachment":[{"href":"https:\/\/www.proingredients.com\/fr\/wp-json\/wp\/v2\/media?parent=4569"}],"curies":[{"name":"wp","href":"https:\/\/api.w.org\/{rel}","templated":true}]}}