{"id":4785,"date":"2021-07-05T22:22:23","date_gmt":"2021-07-05T22:22:23","guid":{"rendered":"https:\/\/proingredients.com\/harvest-chart\/"},"modified":"2021-09-17T17:48:48","modified_gmt":"2021-09-17T17:48:48","slug":"tableau-des-recoltes","status":"publish","type":"page","link":"https:\/\/www.proingredients.com\/fr\/tableau-des-recoltes\/","title":{"rendered":"Tableau des r\u00e9coltes"},"content":{"rendered":"\t\t<div data-elementor-type=\"wp-page\" data-elementor-id=\"4785\" class=\"elementor elementor-4785\">\n\t\t\t\t\t\t\t\t\t<section class=\"elementor-section elementor-top-section elementor-element elementor-element-73d0348 top-section elementor-section-height-min-height elementor-section-boxed elementor-section-height-default elementor-section-items-middle\" data-id=\"73d0348\" data-element_type=\"section\" data-settings=\"{&quot;background_background&quot;:&quot;slideshow&quot;,&quot;background_motion_fx_scale_effect&quot;:&quot;yes&quot;,&quot;background_slideshow_gallery&quot;:[{&quot;id&quot;:3086,&quot;url&quot;:&quot;https:\\\/\\\/proingredients.com\\\/wp-content\\\/uploads\\\/2021\\\/07\\\/header-harvest-chart-1.jpg&quot;},{&quot;id&quot;:3088,&quot;url&quot;:&quot;https:\\\/\\\/proingredients.com\\\/wp-content\\\/uploads\\\/2021\\\/07\\\/header-harvest-chart-1-1.jpg&quot;},{&quot;id&quot;:3090,&quot;url&quot;:&quot;https:\\\/\\\/proingredients.com\\\/wp-content\\\/uploads\\\/2021\\\/07\\\/header-harvest-chart-2.jpg&quot;},{&quot;id&quot;:3092,&quot;url&quot;:&quot;https:\\\/\\\/proingredients.com\\\/wp-content\\\/uploads\\\/2021\\\/07\\\/header-harvest-chart-3.jpg&quot;},{&quot;id&quot;:3094,&quot;url&quot;:&quot;https:\\\/\\\/proingredients.com\\\/wp-content\\\/uploads\\\/2021\\\/07\\\/header-harvest-chart-4.jpg&quot;}],&quot;background_slideshow_loop&quot;:&quot;yes&quot;,&quot;background_slideshow_slide_duration&quot;:5000,&quot;background_slideshow_slide_transition&quot;:&quot;fade&quot;,&quot;background_slideshow_transition_duration&quot;:500,&quot;background_motion_fx_scale_direction&quot;:&quot;out-in&quot;,&quot;background_motion_fx_scale_speed&quot;:{&quot;unit&quot;:&quot;px&quot;,&quot;size&quot;:4,&quot;sizes&quot;:[]},&quot;background_motion_fx_scale_range&quot;:{&quot;unit&quot;:&quot;%&quot;,&quot;size&quot;:&quot;&quot;,&quot;sizes&quot;:{&quot;start&quot;:20,&quot;end&quot;:80}},&quot;background_motion_fx_devices&quot;:[&quot;desktop&quot;,&quot;tablet&quot;,&quot;mobile&quot;]}\">\n\t\t\t\t\t\t\t<div class=\"elementor-background-overlay\"><\/div>\n\t\t\t\t\t\t\t<div class=\"elementor-container elementor-column-gap-default\">\n\t\t\t\t\t<div class=\"elementor-column elementor-col-100 elementor-top-column elementor-element elementor-element-e37e1c9\" data-id=\"e37e1c9\" data-element_type=\"column\">\n\t\t\t<div class=\"elementor-widget-wrap elementor-element-populated\">\n\t\t\t\t\t\t\t\t<div class=\"elementor-element elementor-element-929c2e0 elementor-invisible elementor-widget elementor-widget-heading\" data-id=\"929c2e0\" data-element_type=\"widget\" data-settings=\"{&quot;_animation&quot;:&quot;fadeInLeft&quot;}\" data-widget_type=\"heading.default\">\n\t\t\t\t<div class=\"elementor-widget-container\">\n\t\t\t<h1 class=\"elementor-heading-title elementor-size-default\">Tableau des r\u00e9coltes<\/h1>\t\t<\/div>\n\t\t\t\t<\/div>\n\t\t\t\t\t<\/div>\n\t\t<\/div>\n\t\t\t\t\t\t\t<\/div>\n\t\t<\/section>\n\t\t\t\t<section class=\"elementor-section elementor-top-section elementor-element elementor-element-3c1121b pv100 elementor-section-boxed elementor-section-height-default elementor-section-height-default\" data-id=\"3c1121b\" data-element_type=\"section\">\n\t\t\t\t\t\t<div class=\"elementor-container elementor-column-gap-default\">\n\t\t\t\t\t<div class=\"elementor-column elementor-col-100 elementor-top-column elementor-element elementor-element-1697f8b\" data-id=\"1697f8b\" data-element_type=\"column\">\n\t\t\t<div class=\"elementor-widget-wrap elementor-element-populated\">\n\t\t\t\t\t\t\t\t<div class=\"elementor-element elementor-element-3a87d38 elementor-align-center elementor-icon-list--layout-traditional elementor-list-item-link-full_width elementor-widget elementor-widget-icon-list\" data-id=\"3a87d38\" data-element_type=\"widget\" data-widget_type=\"icon-list.default\">\n\t\t\t\t<div class=\"elementor-widget-container\">\n\t\t\t\t\t<ul class=\"elementor-icon-list-items\">\n\t\t\t\t\t\t\t<li class=\"elementor-icon-list-item\">\n\t\t\t\t\t\t\t\t\t\t\t<a href=\"https:\/\/proingredients.com\/wp-content\/uploads\/2021\/08\/Harvest-Chart-June-21-2021.pdf\" target=\"_blank\">\n\n\t\t\t\t\t\t\t\t\t\t\t\t<span class=\"elementor-icon-list-icon\">\n\t\t\t\t\t\t\t<svg xmlns=\"http:\/\/www.w3.org\/2000\/svg\" xmlns:xlink=\"http:\/\/www.w3.org\/1999\/xlink\" id=\"Calque_1\" x=\"0px\" y=\"0px\" viewBox=\"0 0 49.7 64.3\" xml:space=\"preserve\">\n\n<g id=\"Groupe_48\" transform=\"translate(-368 -300)\">\n\t<path id=\"Trac&#xE9;_38\" class=\"st0\" d=\"M409.2,334.8h-26.8c-0.7,0-1.2,0.5-1.2,1.2c0,0.7,0.5,1.2,1.2,1.2c0,0,0,0,0,0h26.8   c0.7,0,1.2-0.5,1.2-1.2S409.8,334.8,409.2,334.8C409.2,334.8,409.2,334.8,409.2,334.8z\"><\/path>\n\t<path id=\"Trac&#xE9;_39\" class=\"st0\" d=\"M409.2,328h-26.8c-0.7,0-1.2,0.6-1.2,1.2c0,0.7,0.6,1.2,1.2,1.2h26.8c0.7,0,1.2-0.6,1.2-1.2   C410.4,328.5,409.8,328,409.2,328z\"><\/path>\n\t<path id=\"Trac&#xE9;_40\" class=\"st0\" d=\"M374.4,312.1c-0.2,0-0.5,0-0.6,0v2.1c0.2,0,0.3,0,0.5,0c1.5,0,1.7-0.6,1.7-1.1   C375.9,312.9,376,312.1,374.4,312.1z\"><\/path>\n\t<path id=\"Trac&#xE9;_41\" class=\"st0\" d=\"M381.2,312.1c-0.2,0-0.5,0-1,0.1v5.1c0.4,0,0.6,0,0.9,0c0.7,0.1,1.5-0.3,1.9-0.9   c0.3-0.6,0.5-1.2,0.5-1.8C383.4,312.9,382.7,312.1,381.2,312.1z\"><\/path>\n\t<path id=\"Trac&#xE9;_42\" class=\"st0\" d=\"M395.2,310.4c0-1.6-1.3-3-3-3c0,0,0,0,0,0H371c-1.6,0-3,1.3-3,3v8.6c0,1.6,1.3,3,3,3h21.3   c1.6,0,3-1.3,3-3V310.4z M376.7,315.2c-0.7,0.5-1.6,0.8-2.5,0.8c-0.1,0-0.2,0-0.4,0v3H372v-8.2l0.3-0.1c0.7-0.1,1.4-0.2,2.1-0.2   c0.9,0,1.7,0.2,2.4,0.7c0.6,0.5,1,1.2,0.9,1.9C377.7,313.9,377.3,314.7,376.7,315.2z M384.4,317.5c-0.9,1-2.1,1.5-3.4,1.4   c-0.5,0-1.1-0.1-2.1-0.2l-0.3,0v-8l0.3,0c1.2-0.1,2-0.2,2.4-0.2c1.2-0.1,2.4,0.4,3.2,1.3c0.6,0.8,0.9,1.8,0.9,2.8   C385.3,315.6,385,316.7,384.4,317.5L384.4,317.5z M391.4,312.2h-3.5v1.5h3.3v1.8h-3.3v3.4h-1.9v-8.5h5.5L391.4,312.2z\"><\/path>\n\t<path id=\"Trac&#xE9;_43\" class=\"st0\" d=\"M398.2,300L398.2,300h-21.4c-1.6,0-3,1.4-2.9,3c0,0,0,0,0,0v3h2.5v-1.5c0-1.1,0.8-2,1.9-2   c0,0,0,0,0.1,0h20v14c0,1.6,1.3,3,3,3h14.1V354c0,1.1-0.9,2-2,2h-8.9c-0.1,0.1-0.1,0.2-0.2,0.3l-1.6,2h12.2c1.7,0,3-1.3,3.1-2.9   c0,0,0,0,0,0v-36L398.2,300z\"><\/path>\n\t<path id=\"Trac&#xE9;_44\" class=\"st0\" d=\"M387.2,356h-9c-1.1,0-1.9-0.9-1.9-2c0,0,0,0,0,0v-30.6h-2.5v32c0,1.6,1.3,2.9,2.9,2.9   c0,0,0,0,0.1,0h12.2l-1.6-2C387.4,356.3,387.3,356.2,387.2,356z\"><\/path>\n\t<path id=\"Trac&#xE9;_45\" class=\"st0\" d=\"M402.3,354.2h-3.2v-10.9c0-0.7-0.6-1.4-1.3-1.4h-4c-0.8,0-1.4,0.7-1.4,1.4v10.9h-3.2   c-0.4,0-0.8,0.4-0.8,0.8c0,0.2,0.1,0.3,0.1,0.4l6.5,8.5c0.3,0.4,0.8,0.4,1.1,0.1c0.1,0,0.1-0.1,0.1-0.1l6.5-8.5   c0.3-0.4,0.2-0.8-0.2-1.1C402.6,354.3,402.5,354.2,402.3,354.2z\"><\/path>\n<\/g>\n<\/svg>\t\t\t\t\t\t<\/span>\n\t\t\t\t\t\t\t\t\t\t<span class=\"elementor-icon-list-text\">Tableau des r\u00e9coltes<\/span>\n\t\t\t\t\t\t\t\t\t\t\t<\/a>\n\t\t\t\t\t\t\t\t\t<\/li>\n\t\t\t\t\t\t<\/ul>\n\t\t\t\t<\/div>\n\t\t\t\t<\/div>\n\t\t\t\t<div class=\"elementor-element elementor-element-012b598 elementor-widget elementor-widget-image\" data-id=\"012b598\" data-element_type=\"widget\" data-widget_type=\"image.default\">\n\t\t\t\t<div class=\"elementor-widget-container\">\n\t\t\t\t\t\t\t\t\t\t\t\t\t\t\t<img decoding=\"async\" width=\"2460\" height=\"1946\" src=\"https:\/\/www.proingredients.com\/wp-content\/uploads\/2021\/08\/harvest-chart-June-21-2021-optimized.png\" class=\"attachment-full size-full wp-image-3654\" alt=\"\" loading=\"lazy\" srcset=\"https:\/\/www.proingredients.com\/wp-content\/uploads\/2021\/08\/harvest-chart-June-21-2021-optimized.png 2460w, https:\/\/www.proingredients.com\/wp-content\/uploads\/2021\/08\/harvest-chart-June-21-2021-optimized-300x237.png 300w, https:\/\/www.proingredients.com\/wp-content\/uploads\/2021\/08\/harvest-chart-June-21-2021-optimized-1024x810.png 1024w, https:\/\/www.proingredients.com\/wp-content\/uploads\/2021\/08\/harvest-chart-June-21-2021-optimized-768x608.png 768w, https:\/\/www.proingredients.com\/wp-content\/uploads\/2021\/08\/harvest-chart-June-21-2021-optimized-1536x1215.png 1536w, https:\/\/www.proingredients.com\/wp-content\/uploads\/2021\/08\/harvest-chart-June-21-2021-optimized-2048x1620.png 2048w\" sizes=\"(max-width: 2460px) 100vw, 2460px\" \/>\t\t\t\t\t\t\t\t\t\t\t\t\t\t\t<\/div>\n\t\t\t\t<\/div>\n\t\t\t\t\t<\/div>\n\t\t<\/div>\n\t\t\t\t\t\t\t<\/div>\n\t\t<\/section>\n\t\t\t\t\t\t\t<\/div>\n\t\t","protected":false},"excerpt":{"rendered":"<p>Tableau des r\u00e9coltes Tableau des r\u00e9coltes<\/p>\n","protected":false},"author":1,"featured_media":1197,"parent":0,"menu_order":0,"comment_status":"closed","ping_status":"closed","template":"elementor_header_footer","meta":[],"yoast_head":"<!-- This site is optimized with the Yoast SEO plugin v20.8 - https:\/\/yoast.com\/wordpress\/plugins\/seo\/ -->\n<title>Tableau des r\u00e9coltes - PROingredients<\/title>\n<meta name=\"robots\" content=\"index, follow, max-snippet:-1, max-image-preview:large, max-video-preview:-1\" \/>\n<link rel=\"canonical\" href=\"https:\/\/www.proingredients.com\/fr\/tableau-des-recoltes\/\" \/>\n<meta property=\"og:locale\" content=\"fr_CA\" \/>\n<meta property=\"og:type\" content=\"article\" \/>\n<meta property=\"og:title\" content=\"Tableau des r\u00e9coltes - PROingredients\" \/>\n<meta property=\"og:description\" content=\"Tableau des r\u00e9coltes Tableau des r\u00e9coltes\" \/>\n<meta property=\"og:url\" content=\"https:\/\/www.proingredients.com\/fr\/tableau-des-recoltes\/\" \/>\n<meta property=\"og:site_name\" content=\"PROingredients\" \/>\n<meta property=\"article:modified_time\" content=\"2021-09-17T17:48:48+00:00\" \/>\n<meta property=\"og:image\" content=\"https:\/\/www.proingredients.com\/wp-content\/uploads\/2021\/03\/header-market-reports.jpg\" \/>\n\t<meta property=\"og:image:width\" content=\"1870\" \/>\n\t<meta property=\"og:image:height\" content=\"786\" \/>\n\t<meta property=\"og:image:type\" content=\"image\/jpeg\" \/>\n<meta name=\"twitter:card\" content=\"summary_large_image\" \/>\n<meta name=\"twitter:label1\" content=\"Estimation du temps de lecture\" \/>\n\t<meta name=\"twitter:data1\" content=\"1 minute\" \/>\n<script type=\"application\/ld+json\" class=\"yoast-schema-graph\">{\"@context\":\"https:\/\/schema.org\",\"@graph\":[{\"@type\":\"WebPage\",\"@id\":\"https:\/\/www.proingredients.com\/fr\/tableau-des-recoltes\/\",\"url\":\"https:\/\/www.proingredients.com\/fr\/tableau-des-recoltes\/\",\"name\":\"Tableau des r\u00e9coltes - PROingredients\",\"isPartOf\":{\"@id\":\"https:\/\/www.proingredients.com\/#website\"},\"datePublished\":\"2021-07-05T22:22:23+00:00\",\"dateModified\":\"2021-09-17T17:48:48+00:00\",\"breadcrumb\":{\"@id\":\"https:\/\/www.proingredients.com\/fr\/tableau-des-recoltes\/#breadcrumb\"},\"inLanguage\":\"fr-CA\",\"potentialAction\":[{\"@type\":\"ReadAction\",\"target\":[\"https:\/\/www.proingredients.com\/fr\/tableau-des-recoltes\/\"]}]},{\"@type\":\"BreadcrumbList\",\"@id\":\"https:\/\/www.proingredients.com\/fr\/tableau-des-recoltes\/#breadcrumb\",\"itemListElement\":[{\"@type\":\"ListItem\",\"position\":1,\"name\":\"Accueil\",\"item\":\"https:\/\/www.proingredients.com\/fr\/\"},{\"@type\":\"ListItem\",\"position\":2,\"name\":\"Tableau des r\u00e9coltes\"}]},{\"@type\":\"WebSite\",\"@id\":\"https:\/\/www.proingredients.com\/#website\",\"url\":\"https:\/\/www.proingredients.com\/\",\"name\":\"PROingredients\",\"description\":\"\",\"potentialAction\":[{\"@type\":\"SearchAction\",\"target\":{\"@type\":\"EntryPoint\",\"urlTemplate\":\"https:\/\/www.proingredients.com\/?s={search_term_string}\"},\"query-input\":\"required name=search_term_string\"}],\"inLanguage\":\"fr-CA\"}]}<\/script>\n<!-- \/ Yoast SEO plugin. -->","yoast_head_json":{"title":"Tableau des r\u00e9coltes - PROingredients","robots":{"index":"index","follow":"follow","max-snippet":"max-snippet:-1","max-image-preview":"max-image-preview:large","max-video-preview":"max-video-preview:-1"},"canonical":"https:\/\/www.proingredients.com\/fr\/tableau-des-recoltes\/","og_locale":"fr_CA","og_type":"article","og_title":"Tableau des r\u00e9coltes - PROingredients","og_description":"Tableau des r\u00e9coltes Tableau des r\u00e9coltes","og_url":"https:\/\/www.proingredients.com\/fr\/tableau-des-recoltes\/","og_site_name":"PROingredients","article_modified_time":"2021-09-17T17:48:48+00:00","og_image":[{"width":1870,"height":786,"url":"https:\/\/www.proingredients.com\/wp-content\/uploads\/2021\/03\/header-market-reports.jpg","type":"image\/jpeg"}],"twitter_card":"summary_large_image","twitter_misc":{"Estimation du temps de lecture":"1 minute"},"schema":{"@context":"https:\/\/schema.org","@graph":[{"@type":"WebPage","@id":"https:\/\/www.proingredients.com\/fr\/tableau-des-recoltes\/","url":"https:\/\/www.proingredients.com\/fr\/tableau-des-recoltes\/","name":"Tableau des r\u00e9coltes - PROingredients","isPartOf":{"@id":"https:\/\/www.proingredients.com\/#website"},"datePublished":"2021-07-05T22:22:23+00:00","dateModified":"2021-09-17T17:48:48+00:00","breadcrumb":{"@id":"https:\/\/www.proingredients.com\/fr\/tableau-des-recoltes\/#breadcrumb"},"inLanguage":"fr-CA","potentialAction":[{"@type":"ReadAction","target":["https:\/\/www.proingredients.com\/fr\/tableau-des-recoltes\/"]}]},{"@type":"BreadcrumbList","@id":"https:\/\/www.proingredients.com\/fr\/tableau-des-recoltes\/#breadcrumb","itemListElement":[{"@type":"ListItem","position":1,"name":"Accueil","item":"https:\/\/www.proingredients.com\/fr\/"},{"@type":"ListItem","position":2,"name":"Tableau des r\u00e9coltes"}]},{"@type":"WebSite","@id":"https:\/\/www.proingredients.com\/#website","url":"https:\/\/www.proingredients.com\/","name":"PROingredients","description":"","potentialAction":[{"@type":"SearchAction","target":{"@type":"EntryPoint","urlTemplate":"https:\/\/www.proingredients.com\/?s={search_term_string}"},"query-input":"required name=search_term_string"}],"inLanguage":"fr-CA"}]}},"_links":{"self":[{"href":"https:\/\/www.proingredients.com\/fr\/wp-json\/wp\/v2\/pages\/4785"}],"collection":[{"href":"https:\/\/www.proingredients.com\/fr\/wp-json\/wp\/v2\/pages"}],"about":[{"href":"https:\/\/www.proingredients.com\/fr\/wp-json\/wp\/v2\/types\/page"}],"author":[{"embeddable":true,"href":"https:\/\/www.proingredients.com\/fr\/wp-json\/wp\/v2\/users\/1"}],"replies":[{"embeddable":true,"href":"https:\/\/www.proingredients.com\/fr\/wp-json\/wp\/v2\/comments?post=4785"}],"version-history":[{"count":7,"href":"https:\/\/www.proingredients.com\/fr\/wp-json\/wp\/v2\/pages\/4785\/revisions"}],"predecessor-version":[{"id":4796,"href":"https:\/\/www.proingredients.com\/fr\/wp-json\/wp\/v2\/pages\/4785\/revisions\/4796"}],"wp:featuredmedia":[{"embeddable":true,"href":"https:\/\/www.proingredients.com\/fr\/wp-json\/wp\/v2\/media\/1197"}],"wp:attachment":[{"href":"https:\/\/www.proingredients.com\/fr\/wp-json\/wp\/v2\/media?parent=4785"}],"curies":[{"name":"wp","href":"https:\/\/api.w.org\/{rel}","templated":true}]}}