{"id":7727,"date":"2023-12-19T17:05:26","date_gmt":"2023-12-19T17:05:26","guid":{"rendered":"https:\/\/www.proingredients.com\/?page_id=7727"},"modified":"2023-12-19T17:21:40","modified_gmt":"2023-12-19T17:21:40","slug":"politique-de-confidentialite","status":"publish","type":"page","link":"https:\/\/www.proingredients.com\/fr\/politique-de-confidentialite\/","title":{"rendered":"Politique de Confidentialit\u00e9"},"content":{"rendered":"\t\t<div data-elementor-type=\"wp-page\" data-elementor-id=\"7727\" class=\"elementor elementor-7727\">\n\t\t\t\t\t\t\t\t\t<section class=\"elementor-section elementor-top-section elementor-element elementor-element-9b7c6f2 top-section elementor-section-height-min-height elementor-section-boxed elementor-section-height-default elementor-section-items-middle\" data-id=\"9b7c6f2\" data-element_type=\"section\" data-settings=\"{&quot;background_background&quot;:&quot;slideshow&quot;,&quot;background_motion_fx_scale_effect&quot;:&quot;yes&quot;,&quot;background_slideshow_gallery&quot;:[{&quot;id&quot;:3245,&quot;url&quot;:&quot;https:\\\/\\\/proingredients.com\\\/wp-content\\\/uploads\\\/2021\\\/07\\\/header-about-us-1-1.jpg&quot;},{&quot;id&quot;:3247,&quot;url&quot;:&quot;https:\\\/\\\/proingredients.com\\\/wp-content\\\/uploads\\\/2021\\\/07\\\/header-about-us-2-1.jpg&quot;},{&quot;id&quot;:3249,&quot;url&quot;:&quot;https:\\\/\\\/proingredients.com\\\/wp-content\\\/uploads\\\/2021\\\/07\\\/header-about-us-3-1.jpg&quot;},{&quot;id&quot;:3251,&quot;url&quot;:&quot;https:\\\/\\\/proingredients.com\\\/wp-content\\\/uploads\\\/2021\\\/07\\\/header-about-us-4-1.jpg&quot;}],&quot;background_slideshow_loop&quot;:&quot;yes&quot;,&quot;background_slideshow_slide_duration&quot;:5000,&quot;background_slideshow_slide_transition&quot;:&quot;fade&quot;,&quot;background_slideshow_transition_duration&quot;:500,&quot;background_motion_fx_scale_direction&quot;:&quot;out-in&quot;,&quot;background_motion_fx_scale_speed&quot;:{&quot;unit&quot;:&quot;px&quot;,&quot;size&quot;:4,&quot;sizes&quot;:[]},&quot;background_motion_fx_scale_range&quot;:{&quot;unit&quot;:&quot;%&quot;,&quot;size&quot;:&quot;&quot;,&quot;sizes&quot;:{&quot;start&quot;:20,&quot;end&quot;:80}},&quot;background_motion_fx_devices&quot;:[&quot;desktop&quot;,&quot;tablet&quot;,&quot;mobile&quot;]}\">\n\t\t\t\t\t\t\t<div class=\"elementor-background-overlay\"><\/div>\n\t\t\t\t\t\t\t<div class=\"elementor-container elementor-column-gap-default\">\n\t\t\t\t\t<div class=\"elementor-column elementor-col-100 elementor-top-column elementor-element elementor-element-fcb1faa\" data-id=\"fcb1faa\" data-element_type=\"column\">\n\t\t\t<div class=\"elementor-widget-wrap elementor-element-populated\">\n\t\t\t\t\t\t\t\t<div class=\"elementor-element elementor-element-f09f892 elementor-invisible elementor-widget elementor-widget-heading\" data-id=\"f09f892\" data-element_type=\"widget\" data-settings=\"{&quot;_animation&quot;:&quot;fadeInLeft&quot;}\" data-widget_type=\"heading.default\">\n\t\t\t\t<div class=\"elementor-widget-container\">\n\t\t\t<h1 class=\"elementor-heading-title elementor-size-default\">Politique de Confidentialit\u00e9<\/h1>\t\t<\/div>\n\t\t\t\t<\/div>\n\t\t\t\t\t<\/div>\n\t\t<\/div>\n\t\t\t\t\t\t\t<\/div>\n\t\t<\/section>\n\t\t\t\t<section class=\"elementor-section elementor-top-section elementor-element elementor-element-b3ae150 elementor-section-boxed elementor-section-height-default elementor-section-height-default\" data-id=\"b3ae150\" data-element_type=\"section\">\n\t\t\t\t\t\t<div class=\"elementor-container elementor-column-gap-default\">\n\t\t\t\t\t<div class=\"elementor-column elementor-col-100 elementor-top-column elementor-element elementor-element-419239c\" data-id=\"419239c\" data-element_type=\"column\">\n\t\t\t<div class=\"elementor-widget-wrap elementor-element-populated\">\n\t\t\t\t\t\t\t\t<div class=\"elementor-element elementor-element-42b4a22 elementor-widget elementor-widget-heading\" data-id=\"42b4a22\" data-element_type=\"widget\" data-widget_type=\"heading.default\">\n\t\t\t\t<div class=\"elementor-widget-container\">\n\t\t\t<h2 class=\"elementor-heading-title elementor-size-default\">Politique de Confidentialit\u00e9<\/h2>\t\t<\/div>\n\t\t\t\t<\/div>\n\t\t\t\t\t<\/div>\n\t\t<\/div>\n\t\t\t\t\t\t\t<\/div>\n\t\t<\/section>\n\t\t\t\t<section class=\"elementor-section elementor-top-section elementor-element elementor-element-b3022d6 elementor-section-boxed elementor-section-height-default elementor-section-height-default\" data-id=\"b3022d6\" data-element_type=\"section\">\n\t\t\t\t\t\t<div class=\"elementor-container elementor-column-gap-default\">\n\t\t\t\t\t<div class=\"elementor-column elementor-col-100 elementor-top-column elementor-element elementor-element-4d2317b\" data-id=\"4d2317b\" data-element_type=\"column\">\n\t\t\t<div class=\"elementor-widget-wrap elementor-element-populated\">\n\t\t\t\t\t\t\t\t<div class=\"elementor-element elementor-element-e4c2551 elementor-widget elementor-widget-text-editor\" data-id=\"e4c2551\" data-element_type=\"widget\" data-widget_type=\"text-editor.default\">\n\t\t\t\t<div class=\"elementor-widget-container\">\n\t\t\t\t\t\t\t<p class=\"preFade fadeIn\"><strong><em>Politique de Confidentialit\u00e9<\/em><\/strong><\/p><p class=\"preFade fadeIn\"><strong><em>Derni\u00e8re mise \u00e0 jour : 29 Novembre 2023<\/em><\/strong><\/p><p class=\"sqsrte-small preFade fadeIn\">Pro Ingr\u00e9dients Inc. exploite le site www.proingredients.com (le &laquo; Site &raquo;). Cette page vous informe de nos politiques concernant la collecte, l&rsquo;utilisation et la divulgation d&rsquo;informations personnelles que nous recevons des utilisateurs du Site.<\/p><p class=\"preFade fadeIn\"><strong><em>Collecte et Utilisation des Informations<\/em><\/strong><\/p><p class=\"sqsrte-small preFade fadeIn\">En utilisant notre Site, nous pouvons vous demander de nous fournir certaines informations d&rsquo;identification personnelles qui peuvent \u00eatre utilis\u00e9es pour vous contacter ou vous identifier. Les informations personnelles peuvent inclure, sans s&rsquo;y limiter, votre nom, votre adresse e-mail, votre adresse postale et votre num\u00e9ro de t\u00e9l\u00e9phone (&laquo; Informations Personnelles &raquo;).<\/p><p class=\"preFade fadeIn\"><strong><em>Donn\u00e9es de Journal (Data Log)<\/em><\/strong><\/p><p class=\"sqsrte-small preFade fadeIn\">Comme de nombreux op\u00e9rateurs de sites, nous collectons des informations que votre navigateur envoie chaque fois que vous visitez notre Site (&laquo; Donn\u00e9es de Journal &raquo;). Ces donn\u00e9es de journal peuvent inclure des informations telles que l&rsquo;adresse de protocole Internet (&laquo; IP &raquo;) de votre ordinateur, le type de navigateur, la version du navigateur, les pages de notre Site que vous visitez, la date et l&rsquo;heure de votre visite, le temps pass\u00e9 sur ces pages et d&rsquo;autres statistiques.<\/p><p class=\"preFade fadeIn\"><strong><em>Communications<\/em><\/strong><\/p><p class=\"sqsrte-small preFade fadeIn\">Nous pouvons utiliser vos Informations Personnelles pour vous contacter avec des newsletters, du marketing ou des mat\u00e9riels promotionnels.<\/p><p class=\"preFade fadeIn\"><strong><em>Cookies<\/em><\/strong><\/p><p class=\"sqsrte-small preFade fadeIn\">Les cookies sont des fichiers contenant une petite quantit\u00e9 de donn\u00e9es, pouvant inclure un identifiant unique anonyme. Les cookies sont envoy\u00e9s \u00e0 votre navigateur depuis un site web et sont stock\u00e9s sur le disque dur de votre ordinateur. Comme de nombreux sites, nous utilisons des &laquo; cookies &raquo; pour collecter des informations. Vous pouvez configurer votre navigateur pour refuser tous les cookies ou pour indiquer quand un cookie est envoy\u00e9. Cependant, si vous n&rsquo;acceptez pas les cookies, il se peut que vous ne puissiez pas utiliser certaines parties de notre Site.<\/p><p class=\"preFade fadeIn\"><strong><em>S\u00e9curit\u00e9<\/em><\/strong><\/p><p class=\"sqsrte-small preFade fadeIn\">La s\u00e9curit\u00e9 de vos Informations Personnelles est importante pour nous, mais rappelez-vous qu&rsquo;aucune m\u00e9thode de transmission sur Internet, ni m\u00e9thode de stockage \u00e9lectronique, n&rsquo;est 100% s\u00e9curis\u00e9e. Bien que nous nous efforcions d&rsquo;utiliser des moyens commercialement acceptables pour prot\u00e9ger vos Informations Personnelles, nous ne pouvons garantir une s\u00e9curit\u00e9 absolue.<\/p><p class=\"preFade fadeIn\"><strong><em>Modification de cette Politique de Confidentialit\u00e9<\/em><\/strong><\/p><p class=\"sqsrte-small preFade fadeIn\">Cette Politique de Confidentialit\u00e9 est en vigueur \u00e0 partir du 29 novembre 2023 et restera en vigueur sauf en ce qui concerne toute modification de ses dispositions \u00e0 l&rsquo;avenir, lesquelles seront en vigueur imm\u00e9diatement apr\u00e8s leur publication sur cette page.<\/p><p class=\"sqsrte-small preFade fadeIn\">Nous nous r\u00e9servons le droit de mettre \u00e0 jour ou de modifier notre Politique de Confidentialit\u00e9 \u00e0 tout moment, et vous devriez v\u00e9rifier cette Politique de Confidentialit\u00e9 p\u00e9riodiquement. Votre utilisation continue du Service apr\u00e8s que nous ayons post\u00e9 des modifications \u00e0 la Politique de Confidentialit\u00e9 sur cette page constituera votre reconnaissance des modifications et votre consentement \u00e0 vous conformer et \u00e0 \u00eatre li\u00e9 par la Politique de Confidentialit\u00e9 modifi\u00e9e.<\/p><p class=\"sqsrte-small preFade fadeIn\">Si nous apportons des modifications substantielles \u00e0 cette Politique de Confidentialit\u00e9, nous vous en informerons soit par l&rsquo;adresse e-mail que vous nous avez fournie, soit en pla\u00e7ant un avis en \u00e9vidence sur notre site web.<\/p><p class=\"preFade fadeIn\"><strong><em>Contactez-nous<\/em><\/strong><\/p><p class=\"sqsrte-small preFade fadeIn\">Si vous avez des questions sur cette Politique de Confidentialit\u00e9, veuillez\u00a0 contacter notre Responsable de la protection des renseignement personnels\u00a0 Julie Hamon \u00e0 julie@proingredients.com.<\/p><h4>\u00a0<\/h4>\t\t\t\t\t\t<\/div>\n\t\t\t\t<\/div>\n\t\t\t\t\t<\/div>\n\t\t<\/div>\n\t\t\t\t\t\t\t<\/div>\n\t\t<\/section>\n\t\t\t\t\t\t\t<\/div>\n\t\t","protected":false},"excerpt":{"rendered":"<p>Politique de Confidentialit\u00e9 Politique de Confidentialit\u00e9 Politique de Confidentialit\u00e9 Derni\u00e8re mise \u00e0 jour : 29 Novembre 2023 Pro Ingr\u00e9dients Inc. exploite le site www.proingredients.com (le &laquo; Site &raquo;). Cette page vous informe de nos politiques concernant la collecte, l&rsquo;utilisation et la divulgation d&rsquo;informations personnelles que nous recevons des utilisateurs du Site. Collecte et Utilisation des [&hellip;]<\/p>\n","protected":false},"author":2,"featured_media":720,"parent":0,"menu_order":0,"comment_status":"closed","ping_status":"closed","template":"elementor_header_footer","meta":[],"yoast_head":"<!-- This site is optimized with the Yoast SEO plugin v20.8 - https:\/\/yoast.com\/wordpress\/plugins\/seo\/ -->\n<title>Politique de Confidentialit\u00e9 - PROingredients<\/title>\n<meta name=\"robots\" content=\"index, follow, max-snippet:-1, max-image-preview:large, max-video-preview:-1\" \/>\n<link rel=\"canonical\" href=\"https:\/\/www.proingredients.com\/fr\/politique-de-confidentialite\/\" \/>\n<meta property=\"og:locale\" content=\"fr_CA\" \/>\n<meta property=\"og:type\" content=\"article\" \/>\n<meta property=\"og:title\" content=\"Politique de Confidentialit\u00e9 - PROingredients\" \/>\n<meta property=\"og:description\" content=\"Politique de Confidentialit\u00e9 Politique de Confidentialit\u00e9 Politique de Confidentialit\u00e9 Derni\u00e8re mise \u00e0 jour : 29 Novembre 2023 Pro Ingr\u00e9dients Inc. exploite le site www.proingredients.com (le &laquo; Site &raquo;). Cette page vous informe de nos politiques concernant la collecte, l&rsquo;utilisation et la divulgation d&rsquo;informations personnelles que nous recevons des utilisateurs du Site. Collecte et Utilisation des [&hellip;]\" \/>\n<meta property=\"og:url\" content=\"https:\/\/www.proingredients.com\/fr\/politique-de-confidentialite\/\" \/>\n<meta property=\"og:site_name\" content=\"PROingredients\" \/>\n<meta property=\"article:modified_time\" content=\"2023-12-19T17:21:40+00:00\" \/>\n<meta property=\"og:image\" content=\"https:\/\/www.proingredients.com\/wp-content\/uploads\/2021\/03\/header-about-us.jpg\" \/>\n\t<meta property=\"og:image:width\" content=\"1870\" \/>\n\t<meta property=\"og:image:height\" content=\"786\" \/>\n\t<meta property=\"og:image:type\" content=\"image\/jpeg\" \/>\n<meta name=\"twitter:card\" content=\"summary_large_image\" \/>\n<meta name=\"twitter:label1\" content=\"Estimation du temps de lecture\" \/>\n\t<meta name=\"twitter:data1\" content=\"3 minutes\" \/>\n<script type=\"application\/ld+json\" class=\"yoast-schema-graph\">{\"@context\":\"https:\/\/schema.org\",\"@graph\":[{\"@type\":\"WebPage\",\"@id\":\"https:\/\/www.proingredients.com\/fr\/politique-de-confidentialite\/\",\"url\":\"https:\/\/www.proingredients.com\/fr\/politique-de-confidentialite\/\",\"name\":\"Politique de Confidentialit\u00e9 - PROingredients\",\"isPartOf\":{\"@id\":\"https:\/\/www.proingredients.com\/#website\"},\"datePublished\":\"2023-12-19T17:05:26+00:00\",\"dateModified\":\"2023-12-19T17:21:40+00:00\",\"breadcrumb\":{\"@id\":\"https:\/\/www.proingredients.com\/fr\/politique-de-confidentialite\/#breadcrumb\"},\"inLanguage\":\"fr-CA\",\"potentialAction\":[{\"@type\":\"ReadAction\",\"target\":[\"https:\/\/www.proingredients.com\/fr\/politique-de-confidentialite\/\"]}]},{\"@type\":\"BreadcrumbList\",\"@id\":\"https:\/\/www.proingredients.com\/fr\/politique-de-confidentialite\/#breadcrumb\",\"itemListElement\":[{\"@type\":\"ListItem\",\"position\":1,\"name\":\"Accueil\",\"item\":\"https:\/\/www.proingredients.com\/fr\/\"},{\"@type\":\"ListItem\",\"position\":2,\"name\":\"Politique de Confidentialit\u00e9\"}]},{\"@type\":\"WebSite\",\"@id\":\"https:\/\/www.proingredients.com\/#website\",\"url\":\"https:\/\/www.proingredients.com\/\",\"name\":\"PROingredients\",\"description\":\"\",\"potentialAction\":[{\"@type\":\"SearchAction\",\"target\":{\"@type\":\"EntryPoint\",\"urlTemplate\":\"https:\/\/www.proingredients.com\/?s={search_term_string}\"},\"query-input\":\"required name=search_term_string\"}],\"inLanguage\":\"fr-CA\"}]}<\/script>\n<!-- \/ Yoast SEO plugin. -->","yoast_head_json":{"title":"Politique de Confidentialit\u00e9 - PROingredients","robots":{"index":"index","follow":"follow","max-snippet":"max-snippet:-1","max-image-preview":"max-image-preview:large","max-video-preview":"max-video-preview:-1"},"canonical":"https:\/\/www.proingredients.com\/fr\/politique-de-confidentialite\/","og_locale":"fr_CA","og_type":"article","og_title":"Politique de Confidentialit\u00e9 - PROingredients","og_description":"Politique de Confidentialit\u00e9 Politique de Confidentialit\u00e9 Politique de Confidentialit\u00e9 Derni\u00e8re mise \u00e0 jour : 29 Novembre 2023 Pro Ingr\u00e9dients Inc. exploite le site www.proingredients.com (le &laquo; Site &raquo;). Cette page vous informe de nos politiques concernant la collecte, l&rsquo;utilisation et la divulgation d&rsquo;informations personnelles que nous recevons des utilisateurs du Site. Collecte et Utilisation des [&hellip;]","og_url":"https:\/\/www.proingredients.com\/fr\/politique-de-confidentialite\/","og_site_name":"PROingredients","article_modified_time":"2023-12-19T17:21:40+00:00","og_image":[{"width":1870,"height":786,"url":"https:\/\/www.proingredients.com\/wp-content\/uploads\/2021\/03\/header-about-us.jpg","type":"image\/jpeg"}],"twitter_card":"summary_large_image","twitter_misc":{"Estimation du temps de lecture":"3 minutes"},"schema":{"@context":"https:\/\/schema.org","@graph":[{"@type":"WebPage","@id":"https:\/\/www.proingredients.com\/fr\/politique-de-confidentialite\/","url":"https:\/\/www.proingredients.com\/fr\/politique-de-confidentialite\/","name":"Politique de Confidentialit\u00e9 - PROingredients","isPartOf":{"@id":"https:\/\/www.proingredients.com\/#website"},"datePublished":"2023-12-19T17:05:26+00:00","dateModified":"2023-12-19T17:21:40+00:00","breadcrumb":{"@id":"https:\/\/www.proingredients.com\/fr\/politique-de-confidentialite\/#breadcrumb"},"inLanguage":"fr-CA","potentialAction":[{"@type":"ReadAction","target":["https:\/\/www.proingredients.com\/fr\/politique-de-confidentialite\/"]}]},{"@type":"BreadcrumbList","@id":"https:\/\/www.proingredients.com\/fr\/politique-de-confidentialite\/#breadcrumb","itemListElement":[{"@type":"ListItem","position":1,"name":"Accueil","item":"https:\/\/www.proingredients.com\/fr\/"},{"@type":"ListItem","position":2,"name":"Politique de Confidentialit\u00e9"}]},{"@type":"WebSite","@id":"https:\/\/www.proingredients.com\/#website","url":"https:\/\/www.proingredients.com\/","name":"PROingredients","description":"","potentialAction":[{"@type":"SearchAction","target":{"@type":"EntryPoint","urlTemplate":"https:\/\/www.proingredients.com\/?s={search_term_string}"},"query-input":"required name=search_term_string"}],"inLanguage":"fr-CA"}]}},"_links":{"self":[{"href":"https:\/\/www.proingredients.com\/fr\/wp-json\/wp\/v2\/pages\/7727"}],"collection":[{"href":"https:\/\/www.proingredients.com\/fr\/wp-json\/wp\/v2\/pages"}],"about":[{"href":"https:\/\/www.proingredients.com\/fr\/wp-json\/wp\/v2\/types\/page"}],"author":[{"embeddable":true,"href":"https:\/\/www.proingredients.com\/fr\/wp-json\/wp\/v2\/users\/2"}],"replies":[{"embeddable":true,"href":"https:\/\/www.proingredients.com\/fr\/wp-json\/wp\/v2\/comments?post=7727"}],"version-history":[{"count":7,"href":"https:\/\/www.proingredients.com\/fr\/wp-json\/wp\/v2\/pages\/7727\/revisions"}],"predecessor-version":[{"id":7751,"href":"https:\/\/www.proingredients.com\/fr\/wp-json\/wp\/v2\/pages\/7727\/revisions\/7751"}],"wp:featuredmedia":[{"embeddable":true,"href":"https:\/\/www.proingredients.com\/fr\/wp-json\/wp\/v2\/media\/720"}],"wp:attachment":[{"href":"https:\/\/www.proingredients.com\/fr\/wp-json\/wp\/v2\/media?parent=7727"}],"curies":[{"name":"wp","href":"https:\/\/api.w.org\/{rel}","templated":true}]}}