{"id":8006,"date":"2024-04-30T20:33:23","date_gmt":"2024-04-30T20:33:23","guid":{"rendered":"https:\/\/www.proingredients.com\/?page_id=8006"},"modified":"2024-04-30T20:35:03","modified_gmt":"2024-04-30T20:35:03","slug":"cereales","status":"publish","type":"page","link":"https:\/\/www.proingredients.com\/fr\/cereales\/","title":{"rendered":"C\u00e9r\u00e9ales"},"content":{"rendered":"\t\t<div data-elementor-type=\"wp-page\" data-elementor-id=\"8006\" class=\"elementor elementor-8006\">\n\t\t\t\t\t\t\t\t\t<section class=\"elementor-section elementor-top-section elementor-element elementor-element-d678db8 top-section elementor-section-height-min-height elementor-section-boxed elementor-section-height-default elementor-section-items-middle\" data-id=\"d678db8\" data-element_type=\"section\" data-settings=\"{&quot;background_background&quot;:&quot;slideshow&quot;,&quot;background_motion_fx_scale_effect&quot;:&quot;yes&quot;,&quot;background_motion_fx_scale_direction&quot;:&quot;in-out-in&quot;,&quot;background_slideshow_gallery&quot;:[{&quot;id&quot;:7848,&quot;url&quot;:&quot;https:\\\/\\\/www.proingredients.com\\\/wp-content\\\/uploads\\\/2024\\\/04\\\/bottle-of-fresh-milk-with-oat-and-whole-wheat-grai-2023-11-27-05-14-13-utc-scaled.jpg&quot;}],&quot;background_slideshow_loop&quot;:&quot;yes&quot;,&quot;background_slideshow_slide_duration&quot;:5000,&quot;background_slideshow_slide_transition&quot;:&quot;fade&quot;,&quot;background_slideshow_transition_duration&quot;:500,&quot;background_motion_fx_scale_speed&quot;:{&quot;unit&quot;:&quot;px&quot;,&quot;size&quot;:4,&quot;sizes&quot;:[]},&quot;background_motion_fx_scale_range&quot;:{&quot;unit&quot;:&quot;%&quot;,&quot;size&quot;:&quot;&quot;,&quot;sizes&quot;:{&quot;start&quot;:20,&quot;end&quot;:80}},&quot;background_motion_fx_devices&quot;:[&quot;desktop&quot;,&quot;tablet&quot;,&quot;mobile&quot;]}\">\n\t\t\t\t\t\t\t<div class=\"elementor-background-overlay\"><\/div>\n\t\t\t\t\t\t\t<div class=\"elementor-container elementor-column-gap-default\">\n\t\t\t\t\t<div class=\"elementor-column elementor-col-100 elementor-top-column elementor-element elementor-element-78ed005\" data-id=\"78ed005\" data-element_type=\"column\">\n\t\t\t<div class=\"elementor-widget-wrap elementor-element-populated\">\n\t\t\t\t\t\t\t\t<div class=\"elementor-element elementor-element-4e1aadc elementor-invisible elementor-widget elementor-widget-heading\" data-id=\"4e1aadc\" data-element_type=\"widget\" data-settings=\"{&quot;_animation&quot;:&quot;fadeInLeft&quot;}\" data-widget_type=\"heading.default\">\n\t\t\t\t<div class=\"elementor-widget-container\">\n\t\t\t<span class=\"elementor-heading-title elementor-size-default\">\u2014&nbsp;Produits<\/span>\t\t<\/div>\n\t\t\t\t<\/div>\n\t\t\t\t<div class=\"elementor-element elementor-element-2d6f063 elementor-invisible elementor-widget elementor-widget-heading\" data-id=\"2d6f063\" data-element_type=\"widget\" data-settings=\"{&quot;_animation&quot;:&quot;fadeInLeft&quot;}\" data-widget_type=\"heading.default\">\n\t\t\t\t<div class=\"elementor-widget-container\">\n\t\t\t<h1 class=\"elementor-heading-title elementor-size-default\">C\u00e9r\u00e9ales<\/h1>\t\t<\/div>\n\t\t\t\t<\/div>\n\t\t\t\t<div class=\"elementor-element elementor-element-16b27ae elementor-align-left elementor-widget__width-auto elementor-widget elementor-widget-button\" data-id=\"16b27ae\" data-element_type=\"widget\" data-widget_type=\"button.default\">\n\t\t\t\t<div class=\"elementor-widget-container\">\n\t\t\t\t\t<div class=\"elementor-button-wrapper\">\n\t\t\t<a href=\"https:\/\/www.proingredients.com\/contact\/\" target=\"_blank\" class=\"elementor-button-link elementor-button elementor-size-sm\" role=\"button\">\n\t\t\t\t\t\t<span class=\"elementor-button-content-wrapper\">\n\t\t\t\t\t\t<span class=\"elementor-button-text\">Pour \u00e9chantillons de produits et soumission<\/span>\n\t\t<\/span>\n\t\t\t\t\t<\/a>\n\t\t<\/div>\n\t\t\t\t<\/div>\n\t\t\t\t<\/div>\n\t\t\t\t\t<\/div>\n\t\t<\/div>\n\t\t\t\t\t\t\t<\/div>\n\t\t<\/section>\n\t\t\t\t<section class=\"elementor-section elementor-top-section elementor-element elementor-element-d545b81 elementor-section-full_width  pb100 elementor-section-height-default elementor-section-height-default\" data-id=\"d545b81\" data-element_type=\"section\">\n\t\t\t\t\t\t<div class=\"elementor-container elementor-column-gap-default\">\n\t\t\t\t\t<div class=\"elementor-column elementor-col-100 elementor-top-column elementor-element elementor-element-7f5824c\" data-id=\"7f5824c\" data-element_type=\"column\">\n\t\t\t<div class=\"elementor-widget-wrap elementor-element-populated\">\n\t\t\t\t\t\t\t\t<section class=\"elementor-section elementor-inner-section elementor-element elementor-element-aaa0c5a top-section elementor-section-boxed elementor-section-height-default elementor-section-height-default\" data-id=\"aaa0c5a\" data-element_type=\"section\">\n\t\t\t\t\t\t<div class=\"elementor-container elementor-column-gap-default\">\n\t\t\t\t\t<div class=\"elementor-column elementor-col-100 elementor-inner-column elementor-element elementor-element-2e6a44d\" data-id=\"2e6a44d\" data-element_type=\"column\">\n\t\t\t<div class=\"elementor-widget-wrap elementor-element-populated\">\n\t\t\t\t\t\t\t\t<div class=\"elementor-element elementor-element-6a0257d acc-products elementor-widget elementor-widget-jet-accordion\" data-id=\"6a0257d\" data-element_type=\"widget\" data-widget_type=\"jet-accordion.default\">\n\t\t\t\t<div class=\"elementor-widget-container\">\n\t\t\t\t\t<div class=\"jet-accordion\" data-settings=\"{&quot;collapsible&quot;:false,&quot;ajaxTemplate&quot;:false}\" role=\"tablist\">\n\t\t\t<div class=\"jet-accordion__inner\">\n\t\t\t\t<div class=\"jet-accordion__item jet-toggle jet-toggle-move-up-effect active-toggle\">\n\t\t\t\t\t\t\t<div id=\"c\u00e9r\u00e9ales\" class=\"jet-toggle__control elementor-menu-anchor\" data-toggle=\"1\" role=\"tab\" aria-controls=\"jet-toggle-content-1111\" aria-expanded=\"true\" data-template-id=\"false\">\n\t\t\t\t\t\t\t\t<div class=\"jet-toggle__label-icon jet-toggle-icon-position-right\"><span class=\"jet-toggle__icon icon-normal jet-tabs-icon\"><i aria-hidden=\"true\" class=\"far fa-plus\"><\/i><\/span><span class=\"jet-toggle__icon icon-active jet-tabs-icon\"><i aria-hidden=\"true\" class=\"far fa-minus\"><\/i><\/span><\/div><div class=\"jet-toggle__label-text\">C\u00e9r\u00e9ales<\/div>\t\t\t\t\t\t\t<\/div>\n\t\t\t\t\t\t\t<div id=\"jet-toggle-content-1111\" class=\"jet-toggle__content\" data-toggle=\"1\" role=\"tabpanel\" aria-hidden=\"false\" data-template-id=\"false\">\n\t\t\t\t\t\t\t\t<div class=\"jet-toggle__content-inner\"><div class=\"jet-toogle-no-template-message\"><span>Template is not defined. <\/span><\/div><\/div>\n\t\t\t\t\t\t\t<\/div>\n\t\t\t\t\t\t<\/div>\t\t\t<\/div>\n\t\t<\/div>\n\t\t\t\t<\/div>\n\t\t\t\t<\/div>\n\t\t\t\t\t<\/div>\n\t\t<\/div>\n\t\t\t\t\t\t\t<\/div>\n\t\t<\/section>\n\t\t\t\t\t<\/div>\n\t\t<\/div>\n\t\t\t\t\t\t\t<\/div>\n\t\t<\/section>\n\t\t\t\t\t\t\t<\/div>\n\t\t","protected":false},"excerpt":{"rendered":"<p>\u2014&nbsp;Produits C\u00e9r\u00e9ales Pour \u00e9chantillons de produits et soumission C\u00e9r\u00e9ales Template is not defined.<\/p>\n","protected":false},"author":2,"featured_media":7848,"parent":0,"menu_order":0,"comment_status":"closed","ping_status":"closed","template":"elementor_header_footer","meta":[],"yoast_head":"<!-- This site is optimized with the Yoast SEO plugin v20.8 - https:\/\/yoast.com\/wordpress\/plugins\/seo\/ -->\n<title>C\u00e9r\u00e9ales - PROingredients<\/title>\n<meta name=\"robots\" content=\"index, follow, max-snippet:-1, max-image-preview:large, max-video-preview:-1\" \/>\n<link rel=\"canonical\" href=\"https:\/\/www.proingredients.com\/fr\/cereales\/\" \/>\n<meta property=\"og:locale\" content=\"fr_CA\" \/>\n<meta property=\"og:type\" content=\"article\" \/>\n<meta property=\"og:title\" content=\"C\u00e9r\u00e9ales - PROingredients\" \/>\n<meta property=\"og:description\" content=\"\u2014&nbsp;Produits C\u00e9r\u00e9ales Pour \u00e9chantillons de produits et soumission C\u00e9r\u00e9ales Template is not defined.\" \/>\n<meta property=\"og:url\" content=\"https:\/\/www.proingredients.com\/fr\/cereales\/\" \/>\n<meta property=\"og:site_name\" content=\"PROingredients\" \/>\n<meta property=\"article:modified_time\" content=\"2024-04-30T20:35:03+00:00\" \/>\n<meta property=\"og:image\" content=\"https:\/\/www.proingredients.com\/wp-content\/uploads\/2024\/04\/bottle-of-fresh-milk-with-oat-and-whole-wheat-grai-2023-11-27-05-14-13-utc-scaled.jpg\" \/>\n\t<meta property=\"og:image:width\" content=\"1707\" \/>\n\t<meta property=\"og:image:height\" content=\"2560\" \/>\n\t<meta property=\"og:image:type\" content=\"image\/jpeg\" \/>\n<meta name=\"twitter:card\" content=\"summary_large_image\" \/>\n<meta name=\"twitter:label1\" content=\"Estimation du temps de lecture\" \/>\n\t<meta name=\"twitter:data1\" content=\"1 minute\" \/>\n<script type=\"application\/ld+json\" class=\"yoast-schema-graph\">{\"@context\":\"https:\/\/schema.org\",\"@graph\":[{\"@type\":\"WebPage\",\"@id\":\"https:\/\/www.proingredients.com\/fr\/cereales\/\",\"url\":\"https:\/\/www.proingredients.com\/fr\/cereales\/\",\"name\":\"C\u00e9r\u00e9ales - PROingredients\",\"isPartOf\":{\"@id\":\"https:\/\/www.proingredients.com\/#website\"},\"datePublished\":\"2024-04-30T20:33:23+00:00\",\"dateModified\":\"2024-04-30T20:35:03+00:00\",\"breadcrumb\":{\"@id\":\"https:\/\/www.proingredients.com\/fr\/cereales\/#breadcrumb\"},\"inLanguage\":\"fr-CA\",\"potentialAction\":[{\"@type\":\"ReadAction\",\"target\":[\"https:\/\/www.proingredients.com\/fr\/cereales\/\"]}]},{\"@type\":\"BreadcrumbList\",\"@id\":\"https:\/\/www.proingredients.com\/fr\/cereales\/#breadcrumb\",\"itemListElement\":[{\"@type\":\"ListItem\",\"position\":1,\"name\":\"Accueil\",\"item\":\"https:\/\/www.proingredients.com\/fr\/\"},{\"@type\":\"ListItem\",\"position\":2,\"name\":\"C\u00e9r\u00e9ales\"}]},{\"@type\":\"WebSite\",\"@id\":\"https:\/\/www.proingredients.com\/#website\",\"url\":\"https:\/\/www.proingredients.com\/\",\"name\":\"PROingredients\",\"description\":\"\",\"potentialAction\":[{\"@type\":\"SearchAction\",\"target\":{\"@type\":\"EntryPoint\",\"urlTemplate\":\"https:\/\/www.proingredients.com\/?s={search_term_string}\"},\"query-input\":\"required name=search_term_string\"}],\"inLanguage\":\"fr-CA\"}]}<\/script>\n<!-- \/ Yoast SEO plugin. -->","yoast_head_json":{"title":"C\u00e9r\u00e9ales - PROingredients","robots":{"index":"index","follow":"follow","max-snippet":"max-snippet:-1","max-image-preview":"max-image-preview:large","max-video-preview":"max-video-preview:-1"},"canonical":"https:\/\/www.proingredients.com\/fr\/cereales\/","og_locale":"fr_CA","og_type":"article","og_title":"C\u00e9r\u00e9ales - PROingredients","og_description":"\u2014&nbsp;Produits C\u00e9r\u00e9ales Pour \u00e9chantillons de produits et soumission C\u00e9r\u00e9ales Template is not defined.","og_url":"https:\/\/www.proingredients.com\/fr\/cereales\/","og_site_name":"PROingredients","article_modified_time":"2024-04-30T20:35:03+00:00","og_image":[{"width":1707,"height":2560,"url":"https:\/\/www.proingredients.com\/wp-content\/uploads\/2024\/04\/bottle-of-fresh-milk-with-oat-and-whole-wheat-grai-2023-11-27-05-14-13-utc-scaled.jpg","type":"image\/jpeg"}],"twitter_card":"summary_large_image","twitter_misc":{"Estimation du temps de lecture":"1 minute"},"schema":{"@context":"https:\/\/schema.org","@graph":[{"@type":"WebPage","@id":"https:\/\/www.proingredients.com\/fr\/cereales\/","url":"https:\/\/www.proingredients.com\/fr\/cereales\/","name":"C\u00e9r\u00e9ales - PROingredients","isPartOf":{"@id":"https:\/\/www.proingredients.com\/#website"},"datePublished":"2024-04-30T20:33:23+00:00","dateModified":"2024-04-30T20:35:03+00:00","breadcrumb":{"@id":"https:\/\/www.proingredients.com\/fr\/cereales\/#breadcrumb"},"inLanguage":"fr-CA","potentialAction":[{"@type":"ReadAction","target":["https:\/\/www.proingredients.com\/fr\/cereales\/"]}]},{"@type":"BreadcrumbList","@id":"https:\/\/www.proingredients.com\/fr\/cereales\/#breadcrumb","itemListElement":[{"@type":"ListItem","position":1,"name":"Accueil","item":"https:\/\/www.proingredients.com\/fr\/"},{"@type":"ListItem","position":2,"name":"C\u00e9r\u00e9ales"}]},{"@type":"WebSite","@id":"https:\/\/www.proingredients.com\/#website","url":"https:\/\/www.proingredients.com\/","name":"PROingredients","description":"","potentialAction":[{"@type":"SearchAction","target":{"@type":"EntryPoint","urlTemplate":"https:\/\/www.proingredients.com\/?s={search_term_string}"},"query-input":"required name=search_term_string"}],"inLanguage":"fr-CA"}]}},"_links":{"self":[{"href":"https:\/\/www.proingredients.com\/fr\/wp-json\/wp\/v2\/pages\/8006"}],"collection":[{"href":"https:\/\/www.proingredients.com\/fr\/wp-json\/wp\/v2\/pages"}],"about":[{"href":"https:\/\/www.proingredients.com\/fr\/wp-json\/wp\/v2\/types\/page"}],"author":[{"embeddable":true,"href":"https:\/\/www.proingredients.com\/fr\/wp-json\/wp\/v2\/users\/2"}],"replies":[{"embeddable":true,"href":"https:\/\/www.proingredients.com\/fr\/wp-json\/wp\/v2\/comments?post=8006"}],"version-history":[{"count":4,"href":"https:\/\/www.proingredients.com\/fr\/wp-json\/wp\/v2\/pages\/8006\/revisions"}],"predecessor-version":[{"id":8023,"href":"https:\/\/www.proingredients.com\/fr\/wp-json\/wp\/v2\/pages\/8006\/revisions\/8023"}],"wp:featuredmedia":[{"embeddable":true,"href":"https:\/\/www.proingredients.com\/fr\/wp-json\/wp\/v2\/media\/7848"}],"wp:attachment":[{"href":"https:\/\/www.proingredients.com\/fr\/wp-json\/wp\/v2\/media?parent=8006"}],"curies":[{"name":"wp","href":"https:\/\/api.w.org\/{rel}","templated":true}]}}